{"id":1452,"date":"2013-10-16T12:05:38","date_gmt":"2013-10-16T12:05:38","guid":{"rendered":"http:\/\/demo.qodeinteractive.com\/bridge28\/?page_id=1452"},"modified":"2025-04-29T14:41:14","modified_gmt":"2025-04-29T18:41:14","slug":"contact","status":"publish","type":"page","link":"https:\/\/first.global\/es\/contact\/","title":{"rendered":"Cont\u00e1ctenos"},"content":{"rendered":"<div class=\"wpb-content-wrapper\"><div data-q_header_style=\"dark\" class=\"vc_row wpb_row section vc_row-fluid  full_screen_section\" style='background-image:url(https:\/\/i0.wp.com\/first.global\/wp-content\/uploads\/2025\/03\/DSC02818-EDIT_dark-e1741278582451.jpg?fit=1924%2C526&ssl=1); text-align:center;'><div class=\"full_section_inner clearfix\"><div class=\"wpb_column vc_column_container vc_col-sm-12\"><div class=\"vc_column-inner\"><div class=\"wpb_wrapper\"><div class=\"separator  transparent\" style=\"height: 100px;\"><\/div>\n\t<div class=\"wpb_text_column wpb_content_element  vc_custom_1741278452351\">\n\t\t<div class=\"wpb_wrapper\">\n\t\t\t<h1 style=\"text-align: center; text-shadow: 2px 2px #000;\"><span style=\"color: #ffffff;\">CONTACTO<\/span><\/h1>\n\n\t\t<\/div>\n\t<\/div><div class=\"separator  transparent\" style=\"height: 100px;\"><\/div><\/div><\/div><\/div><\/div><\/div><div      class=\"vc_row wpb_row section vc_row-fluid  grid_section\" style=' text-align:left;'><div class=\"section_inner clearfix\"><div class='section_inner_margin clearfix'><div class=\"wpb_column vc_column_container vc_col-sm-12\"><div class=\"vc_column-inner\"><div class=\"wpb_wrapper\"><div class=\"vc_empty_space\"  style=\"height: 30px\" >\n\t<span class=\"vc_empty_space_inner\">\n\t\t<span class=\"empty_space_image\"  ><\/span>\n\t<\/span>\n<\/div>\n\t<div class=\"wpb_text_column wpb_content_element\">\n\t\t<div class=\"wpb_wrapper\">\n\t\t\t<h2>Preguntas frecuentes<\/h2>\n\n\t\t<\/div>\n\t<\/div><div class=\"separator  transparent\" style=\"margin-top: 15px;\"><\/div><div class=\"qode-accordion-holder clearfix qode-toggle qode-initial\">\n\t<h4 class=\"clearfix qode-title-holder\">\n<span class=\"qode-tab-title\">\n\t\t\t<span class=\"qode-tab-title-icon\">\n\t\t\t<i class=\"qode_icon_font_awesome fa fa-hand-paper-o\" ><\/i>\t\t<\/span>\n\t    <span class=\"qode-tab-title-inner\">\n        \u00bfC\u00f3mo puedo ser voluntario?    <\/span>\n<\/span>\n<span class=\"qode-accordion-mark\">\n    <span class=\"qode-accordion-mark-icon\">\n        <span class=\"icon_plus\"><\/span>\n        <span class=\"icon_minus-06\"><\/span>\n    <\/span>\n<\/span>\n<\/h4>\n<div  class=\"qode-accordion-content qode-acc-title-with-icon\" >\n    <div class=\"qode-accordion-content-inner\">\n        \n\t<div class=\"wpb_text_column wpb_content_element\">\n\t\t<div class=\"wpb_wrapper\">\n\t\t\t<p>M\u00e1s informaci\u00f3n sobre el voluntariado en la\u00a0<em>FIRST<\/em>\u00a0Desaf\u00edo Mundial\u00a0<span style=\"color: #0000ff;\"><a style=\"color: #0000ff;\" href=\"https:\/\/first.global\/es\/volunteer\/\">esta p\u00e1gina<\/a><\/span>.  Puede enviar sus preguntas a\u00a0<strong>volunteer@first.global<\/strong>.<\/p>\n<p>M\u00e1s informaci\u00f3n sobre el voluntariado en\u00a0<em>FIRST<\/em>\u00a0Global STEM Corps (GSC) de Global en\u00a0<span style=\"color: #0000ff;\"><a style=\"color: #0000ff;\" href=\"https:\/\/first.global\/es\/gsc\/\">esta p\u00e1gina<\/a><\/span>. Puede enviar sus preguntas a\u00a0<strong>gsc@first.global<\/strong>.<\/p>\n\n\t\t<\/div>\n\t<\/div>    <\/div>\n<\/div><h4 class=\"clearfix qode-title-holder\">\n<span class=\"qode-tab-title\">\n\t\t\t<span class=\"qode-tab-title-icon\">\n\t\t\t<i class=\"qode_icon_font_awesome fa fa-wrench\" ><\/i>\t\t<\/span>\n\t    <span class=\"qode-tab-title-inner\">\n        Soy estudiante. \u00bfC\u00f3mo puedo participar en mi equipo nacional?    <\/span>\n<\/span>\n<span class=\"qode-accordion-mark\">\n    <span class=\"qode-accordion-mark-icon\">\n        <span class=\"icon_plus\"><\/span>\n        <span class=\"icon_minus-06\"><\/span>\n    <\/span>\n<\/span>\n<\/h4>\n<div  class=\"qode-accordion-content qode-acc-title-with-icon\" >\n    <div class=\"qode-accordion-content-inner\">\n        \n\t<div class=\"wpb_text_column wpb_content_element\">\n\t\t<div class=\"wpb_wrapper\">\n\t\t\t<p>Gracias por su inter\u00e9s en <em>FIRST<\/em> \u00a1Mundial! S\u00f3lo hay un equipo nacional por pa\u00eds, y la selecci\u00f3n del equipo la lleva a cabo nuestro socio en el pa\u00eds. Los participantes est\u00e1n limitados a estudiantes de entre 14 y 18 a\u00f1os. Puedes ponerte en contacto con el socio nacional a trav\u00e9s de la direcci\u00f3n de correo electr\u00f3nico que aparece en la p\u00e1gina del perfil del equipo, a la que se puede acceder a trav\u00e9s de <span style=\"color: #0000ff;\"><a style=\"color: #0000ff;\" href=\"https:\/\/first.global\/impact\/#map\">este mapa<\/a><\/span>.<\/p>\n\n\t\t<\/div>\n\t<\/div>    <\/div>\n<\/div><h4 class=\"clearfix qode-title-holder\">\n<span class=\"qode-tab-title\">\n\t\t\t<span class=\"qode-tab-title-icon\">\n\t\t\t<i class=\"qode_icon_font_awesome fa fa-handshake-o\" ><\/i>\t\t<\/span>\n\t    <span class=\"qode-tab-title-inner\">\n        Me gustar\u00eda ser socio de FIRST Global en mi pa\u00eds. \u00bfQu\u00e9 puedo hacer?    <\/span>\n<\/span>\n<span class=\"qode-accordion-mark\">\n    <span class=\"qode-accordion-mark-icon\">\n        <span class=\"icon_plus\"><\/span>\n        <span class=\"icon_minus-06\"><\/span>\n    <\/span>\n<\/span>\n<\/h4>\n<div  class=\"qode-accordion-content qode-acc-title-with-icon\" >\n    <div class=\"qode-accordion-content-inner\">\n        \n\t<div class=\"wpb_text_column wpb_content_element\">\n\t\t<div class=\"wpb_wrapper\">\n\t\t\t<p>En <em>FIRST<\/em> Global ya tiene socios establecidos en muchos pa\u00edses, hay un proceso de solicitud abierto para que las entidades sean consideradas para la asociaci\u00f3n. Puede obtener m\u00e1s informaci\u00f3n y <a href=\"https:\/\/form.jotform.com\/250926003265148\" target=\"_blank\" rel=\"noopener\"><strong>rellene aqu\u00ed el formulario de inter\u00e9s<\/strong><\/a>.<\/p>\n\n\t\t<\/div>\n\t<\/div>    <\/div>\n<\/div><h4 class=\"clearfix qode-title-holder\">\n<span class=\"qode-tab-title\">\n\t\t\t<span class=\"qode-tab-title-icon\">\n\t\t\t<i class=\"qode_icon_font_awesome fa fa-ticket\" ><\/i>\t\t<\/span>\n\t    <span class=\"qode-tab-title-inner\">\n        \u00bfPuedo asistir al concurso como espectador?    <\/span>\n<\/span>\n<span class=\"qode-accordion-mark\">\n    <span class=\"qode-accordion-mark-icon\">\n        <span class=\"icon_plus\"><\/span>\n        <span class=\"icon_minus-06\"><\/span>\n    <\/span>\n<\/span>\n<\/h4>\n<div  class=\"qode-accordion-content qode-acc-title-with-icon\" >\n    <div class=\"qode-accordion-content-inner\">\n        \n\t<div class=\"wpb_text_column wpb_content_element\">\n\t\t<div class=\"wpb_wrapper\">\n\t\t\t<p>S\u00ed, el <em>FIRST<\/em> Global Challenge est\u00e1 abierto al p\u00fablico. Las entradas estar\u00e1n disponibles en la puerta por orden de llegada.<\/p>\n\n\t\t<\/div>\n\t<\/div>    <\/div>\n<\/div><\/div><div class=\"separator  transparent\" style=\"margin-top: 15px;\"><\/div><a  itemprop=\"url\" href=\"\/es\/faq\/\" target=\"_self\"  class=\"qbutton  default\" style=\"\">M\u00e1s informaci\u00f3n en nuestra p\u00e1gina de preguntas frecuentes<i class=\"qode_icon_font_awesome fa fa-arrow-right qode_button_icon_element\"><\/i><\/a><div class=\"vc_empty_space\"  style=\"height: 50px\" >\n\t<span class=\"vc_empty_space_inner\">\n\t\t<span class=\"empty_space_image\"  ><\/span>\n\t<\/span>\n<\/div>\n\t<div class=\"wpb_text_column wpb_content_element\">\n\t\t<div class=\"wpb_wrapper\">\n\t\t\t<h2>Enviar otra consulta<\/h2>\n\n\t\t<\/div>\n\t<\/div><div class=\"separator  transparent\" style=\"margin-top: 15px;\"><\/div>\n\t<div class=\"wpb_text_column wpb_content_element\">\n\t\t<div class=\"wpb_wrapper\">\n\t\t\t<h4><span style=\"color: #000000;\">Este formulario NO es para CONSULTAS VOLUNTARIAS. Correo electr\u00f3nico volunteer@first.global.<\/span><\/h4>\n<p>&nbsp;<\/p>\n<h4><span style=\"color: #3498db;\">Env\u00ede este formulario UNA SOLA VEZ. No env\u00ede la misma pregunta varias veces.<\/span><\/h4>\n<p>&nbsp;<\/p>\n<p><em><strong>Nota importante para los equipos:<\/strong>\u00a0S\u00f3lo el\u00a0<span style=\"text-decoration: underline;\">Contactos principales y suplentes del equipo<\/span>\u00a0deben ponerse en contacto con FIRST Global para cuestiones relacionadas con el equipo, y s\u00f3lo a trav\u00e9s del\u00a0<span style=\"text-decoration: underline;\">m\u00e9todos de comunicaci\u00f3n aprobados<\/span>. Los estudiantes y otros mentores deben enviar todas las preguntas a trav\u00e9s de sus jefes de equipo.<\/em><\/p>\n\n\t\t<\/div>\n\t<\/div><div class=\"separator  transparent\" style=\"margin-top: 15px;\"><\/div>\n\t<div class=\"wpb_text_column wpb_content_element\">\n\t\t<div class=\"wpb_wrapper\">\n\t\t\t\n<div class=\"wpcf7 no-js\" id=\"wpcf7-f16758-o1\" lang=\"en-US\" dir=\"ltr\" data-wpcf7-id=\"16758\">\n<div class=\"screen-reader-response\"><p role=\"status\" aria-live=\"polite\" aria-atomic=\"true\"><\/p> <ul><\/ul><\/div>\n<form action=\"\/es\/wp-json\/wp\/v2\/pages\/1452#wpcf7-f16758-o1\" method=\"post\" class=\"wpcf7-form init\" aria-label=\"Formulario de contacto\" novalidate=\"novalidate\" data-status=\"init\" data-trp-original-action=\"\/es\/wp-json\/wp\/v2\/pages\/1452#wpcf7-f16758-o1\">\n<fieldset class=\"hidden-fields-container\"><input type=\"hidden\" name=\"_wpcf7\" value=\"16758\" \/><input type=\"hidden\" name=\"_wpcf7_version\" value=\"6.1.5\" \/><input type=\"hidden\" name=\"_wpcf7_locale\" value=\"en_US\" \/><input type=\"hidden\" name=\"_wpcf7_unit_tag\" value=\"wpcf7-f16758-o1\" \/><input type=\"hidden\" name=\"_wpcf7_container_post\" value=\"0\" \/><input type=\"hidden\" name=\"_wpcf7_posted_data_hash\" value=\"\" \/><input type=\"hidden\" name=\"_wpcf7_recaptcha_response\" value=\"\" \/>\n<\/fieldset>\n<label> Su Nombre (necesario)\n    <span class=\"wpcf7-form-control-wrap\" data-name=\"your-name\"><input size=\"40\" maxlength=\"400\" class=\"wpcf7-form-control wpcf7-text wpcf7-validates-as-required\" aria-required=\"true\" aria-invalid=\"false\" value=\"\" type=\"text\" name=\"your-name\" \/><\/span> <\/label>\n\n<label> Su Correo Electr\u00f3nico (necesario)\n    <span class=\"wpcf7-form-control-wrap\" data-name=\"your-email\"><input size=\"40\" maxlength=\"400\" class=\"wpcf7-form-control wpcf7-email wpcf7-validates-as-required wpcf7-text wpcf7-validates-as-email\" aria-required=\"true\" aria-invalid=\"false\" value=\"\" type=\"email\" name=\"your-email\" \/><\/span> <\/label>\n\n<label> Sujeto\n    <span class=\"wpcf7-form-control-wrap\" data-name=\"your-subject\"><input size=\"40\" maxlength=\"400\" class=\"wpcf7-form-control wpcf7-text wpcf7-validates-as-required\" aria-required=\"true\" aria-invalid=\"false\" value=\"\" type=\"text\" name=\"your-subject\" \/><\/span> <\/label>\n\n<label> Su Mensaje\n    <span class=\"wpcf7-form-control-wrap\" data-name=\"your-message\"><textarea cols=\"40\" rows=\"10\" maxlength=\"2000\" class=\"wpcf7-form-control wpcf7-textarea wpcf7-validates-as-required\" id=\"message\" aria-required=\"true\" aria-invalid=\"false\" name=\"your-message\"><\/textarea><\/span> <\/label>\n\n\n\n<input class=\"wpcf7-form-control wpcf7-submit has-spinner\" type=\"submit\" value=\"Enviar\" \/><p style=\"display: none !important;\" class=\"akismet-fields-container\" data-prefix=\"_wpcf7_ak_\"><label>\u0394<textarea name=\"_wpcf7_ak_hp_textarea\" cols=\"45\" rows=\"8\" maxlength=\"100\"><\/textarea><\/label><input type=\"hidden\" id=\"ak_js_1\" name=\"_wpcf7_ak_js\" value=\"224\"\/><script>document.getElementById( \"ak_js_1\" ).setAttribute( \"value\", ( new Date() ).getTime() );<\/script><\/p><div class=\"wpcf7-response-output\" aria-hidden=\"true\"><\/div>\n<input type=\"hidden\" name=\"trp-form-language\" value=\"es\"\/><\/form>\n<\/div>\n\n\n\t\t<\/div>\n\t<\/div><div class=\"vc_empty_space\"  style=\"height: 50px\" >\n\t<span class=\"vc_empty_space_inner\">\n\t\t<span class=\"empty_space_image\"  ><\/span>\n\t<\/span>\n<\/div><\/div><\/div><\/div><\/div><\/div><\/div>\n<\/div>","protected":false},"excerpt":{"rendered":"CONT\u00c1CTENOS Preguntas comunes \u00bfC\u00f3mo puedo ser voluntario? Obtenga m\u00e1s informaci\u00f3n sobre el voluntariado en el evento FIRST Global Challenge en esta p\u00e1gina.  Puede enviar sus preguntas a volunteer@first.global. Aprenda m\u00e1s sobre el voluntariado en FIRST Global's Global STEM Corps (GSC) en esta p\u00e1gina. Puede enviar sus preguntas a gsc@first.global. Soy estudiante....","protected":false},"author":1,"featured_media":0,"parent":0,"menu_order":0,"comment_status":"open","ping_status":"open","template":"full_width.php","meta":{"give_campaign_id":0,"_crdt_document":"","footnotes":""},"class_list":["post-1452","page","type-page","status-publish","hentry"],"yoast_head":"<!-- This site is optimized with the Yoast SEO plugin v27.4 - https:\/\/yoast.com\/product\/yoast-seo-wordpress\/ -->\n<title>Contact Us - FIRST Global<\/title>\n<meta name=\"robots\" content=\"index, follow, max-snippet:-1, max-image-preview:large, max-video-preview:-1\" \/>\n<link rel=\"canonical\" href=\"https:\/\/first.global\/es\/contact\/\" \/>\n<meta property=\"og:locale\" content=\"es_MX\" \/>\n<meta property=\"og:type\" content=\"article\" \/>\n<meta property=\"og:title\" content=\"Contact Us - FIRST Global\" \/>\n<meta property=\"og:url\" content=\"https:\/\/first.global\/es\/contact\/\" \/>\n<meta property=\"og:site_name\" content=\"FIRST Global\" \/>\n<meta property=\"article:publisher\" content=\"http:\/\/facebook.com\/F1RSTglobal\" \/>\n<meta property=\"article:modified_time\" content=\"2025-04-29T18:41:14+00:00\" \/>\n<meta property=\"og:image\" content=\"https:\/\/i0.wp.com\/first.global\/wp-content\/uploads\/2024\/11\/FirstGlobal_SingaporeD2_jm-11.jpg?fit=1200%2C800&ssl=1\" \/>\n\t<meta property=\"og:image:width\" content=\"1200\" \/>\n\t<meta property=\"og:image:height\" content=\"800\" \/>\n\t<meta property=\"og:image:type\" content=\"image\/jpeg\" \/>\n<meta name=\"twitter:card\" content=\"summary_large_image\" \/>\n<meta name=\"twitter:site\" content=\"@F1RSTglobal\" \/>\n<meta name=\"twitter:label1\" content=\"Tiempo de lectura\" \/>\n\t<meta name=\"twitter:data1\" content=\"2 minutos\" \/>\n<script type=\"application\/ld+json\" class=\"yoast-schema-graph\">{\"@context\":\"https:\\\/\\\/schema.org\",\"@graph\":[{\"@type\":\"WebPage\",\"@id\":\"https:\\\/\\\/first.global\\\/contact\\\/\",\"url\":\"https:\\\/\\\/first.global\\\/contact\\\/\",\"name\":\"Contact Us - FIRST Global\",\"isPartOf\":{\"@id\":\"https:\\\/\\\/first.global\\\/#website\"},\"datePublished\":\"2013-10-16T12:05:38+00:00\",\"dateModified\":\"2025-04-29T18:41:14+00:00\",\"breadcrumb\":{\"@id\":\"https:\\\/\\\/first.global\\\/contact\\\/#breadcrumb\"},\"inLanguage\":\"es\",\"potentialAction\":[{\"@type\":\"ReadAction\",\"target\":[\"https:\\\/\\\/first.global\\\/contact\\\/\"]}]},{\"@type\":\"BreadcrumbList\",\"@id\":\"https:\\\/\\\/first.global\\\/contact\\\/#breadcrumb\",\"itemListElement\":[{\"@type\":\"ListItem\",\"position\":1,\"name\":\"Home\",\"item\":\"https:\\\/\\\/first.global\\\/\"},{\"@type\":\"ListItem\",\"position\":2,\"name\":\"Contact Us\"}]},{\"@type\":\"WebSite\",\"@id\":\"https:\\\/\\\/first.global\\\/#website\",\"url\":\"https:\\\/\\\/first.global\\\/\",\"name\":\"FIRST Global\",\"description\":\"\",\"publisher\":{\"@id\":\"https:\\\/\\\/first.global\\\/#organization\"},\"potentialAction\":[{\"@type\":\"SearchAction\",\"target\":{\"@type\":\"EntryPoint\",\"urlTemplate\":\"https:\\\/\\\/first.global\\\/?s={search_term_string}\"},\"query-input\":{\"@type\":\"PropertyValueSpecification\",\"valueRequired\":true,\"valueName\":\"search_term_string\"}}],\"inLanguage\":\"es\"},{\"@type\":\"Organization\",\"@id\":\"https:\\\/\\\/first.global\\\/#organization\",\"name\":\"FIRST Global\",\"url\":\"https:\\\/\\\/first.global\\\/\",\"logo\":{\"@type\":\"ImageObject\",\"inLanguage\":\"es\",\"@id\":\"https:\\\/\\\/first.global\\\/#\\\/schema\\\/logo\\\/image\\\/\",\"url\":\"https:\\\/\\\/i0.wp.com\\\/first.global\\\/wp-content\\\/uploads\\\/2017\\\/10\\\/FG_Logo-black.png?fit=4656%2C1267&ssl=1\",\"contentUrl\":\"https:\\\/\\\/i0.wp.com\\\/first.global\\\/wp-content\\\/uploads\\\/2017\\\/10\\\/FG_Logo-black.png?fit=4656%2C1267&ssl=1\",\"width\":4656,\"height\":1267,\"caption\":\"FIRST Global\"},\"image\":{\"@id\":\"https:\\\/\\\/first.global\\\/#\\\/schema\\\/logo\\\/image\\\/\"},\"sameAs\":[\"http:\\\/\\\/facebook.com\\\/F1RSTglobal\",\"https:\\\/\\\/x.com\\\/F1RSTglobal\",\"http:\\\/\\\/instagram.com\\\/f1rstglobal\",\"https:\\\/\\\/www.linkedin.com\\\/company\\\/f1rst-global\",\"http:\\\/\\\/youtube.com\\\/@f1rstglobal\"]}]}<\/script>\n<!-- \/ Yoast SEO plugin. -->","yoast_head_json":{"title":"Cont\u00e1ctenos - FIRST Global","robots":{"index":"index","follow":"follow","max-snippet":"max-snippet:-1","max-image-preview":"max-image-preview:large","max-video-preview":"max-video-preview:-1"},"canonical":"https:\/\/first.global\/es\/contact\/","og_locale":"es_MX","og_type":"article","og_title":"Contact Us - FIRST Global","og_url":"https:\/\/first.global\/es\/contact\/","og_site_name":"FIRST Global","article_publisher":"http:\/\/facebook.com\/F1RSTglobal","article_modified_time":"2025-04-29T18:41:14+00:00","og_image":[{"width":1200,"height":800,"url":"https:\/\/i0.wp.com\/first.global\/wp-content\/uploads\/2024\/11\/FirstGlobal_SingaporeD2_jm-11.jpg?fit=1200%2C800&ssl=1","type":"image\/jpeg"}],"twitter_card":"summary_large_image","twitter_site":"@F1RSTglobal","twitter_misc":{"Tiempo de lectura":"2 minutos"},"schema":{"@context":"https:\/\/schema.org","@graph":[{"@type":"WebPage","@id":"https:\/\/first.global\/contact\/","url":"https:\/\/first.global\/contact\/","name":"Cont\u00e1ctenos - FIRST Global","isPartOf":{"@id":"https:\/\/first.global\/#website"},"datePublished":"2013-10-16T12:05:38+00:00","dateModified":"2025-04-29T18:41:14+00:00","breadcrumb":{"@id":"https:\/\/first.global\/contact\/#breadcrumb"},"inLanguage":"es","potentialAction":[{"@type":"ReadAction","target":["https:\/\/first.global\/contact\/"]}]},{"@type":"BreadcrumbList","@id":"https:\/\/first.global\/contact\/#breadcrumb","itemListElement":[{"@type":"ListItem","position":1,"name":"Home","item":"https:\/\/first.global\/"},{"@type":"ListItem","position":2,"name":"Contact Us"}]},{"@type":"WebSite","@id":"https:\/\/first.global\/#website","url":"https:\/\/first.global\/","name":"FIRST Global","description":"","publisher":{"@id":"https:\/\/first.global\/#organization"},"potentialAction":[{"@type":"SearchAction","target":{"@type":"EntryPoint","urlTemplate":"https:\/\/first.global\/?s={search_term_string}"},"query-input":{"@type":"PropertyValueSpecification","valueRequired":true,"valueName":"search_term_string"}}],"inLanguage":"es"},{"@type":"Organization","@id":"https:\/\/first.global\/#organization","name":"FIRST Global","url":"https:\/\/first.global\/","logo":{"@type":"ImageObject","inLanguage":"es","@id":"https:\/\/first.global\/#\/schema\/logo\/image\/","url":"https:\/\/i0.wp.com\/first.global\/wp-content\/uploads\/2017\/10\/FG_Logo-black.png?fit=4656%2C1267&ssl=1","contentUrl":"https:\/\/i0.wp.com\/first.global\/wp-content\/uploads\/2017\/10\/FG_Logo-black.png?fit=4656%2C1267&ssl=1","width":4656,"height":1267,"caption":"FIRST Global"},"image":{"@id":"https:\/\/first.global\/#\/schema\/logo\/image\/"},"sameAs":["http:\/\/facebook.com\/F1RSTglobal","https:\/\/x.com\/F1RSTglobal","http:\/\/instagram.com\/f1rstglobal","https:\/\/www.linkedin.com\/company\/f1rst-global","http:\/\/youtube.com\/@f1rstglobal"]}]}},"campaignId":"","jetpack_sharing_enabled":false,"jetpack_shortlink":"https:\/\/wp.me\/P9kXwL-nq","jetpack-related-posts":[{"id":33586,"url":"https:\/\/first.global\/es\/archive\/fgc-2023\/","url_meta":{"origin":1452,"position":0},"title":"2023 FIRST Global Challenge","author":"FIRST Global","date":"diciembre 20, 2024","format":false,"excerpt":"","rel":"","context":"Entrada similar ","block_context":{"text":"Entrada similar ","link":""},"img":{"alt_text":"Drone shot of the 2024 FIRST Global Challenge Opening Ceremony at the Panathenaic Olympic stadium in Athens, Greece.","src":"https:\/\/i0.wp.com\/first.global\/wp-content\/uploads\/2024\/11\/FGC2024-OC-drone-shot-color-wide.jpg?fit=1200%2C675&ssl=1&resize=350%2C200","width":350,"height":200,"srcset":"https:\/\/i0.wp.com\/first.global\/wp-content\/uploads\/2024\/11\/FGC2024-OC-drone-shot-color-wide.jpg?fit=1200%2C675&ssl=1&resize=350%2C200 1x, https:\/\/i0.wp.com\/first.global\/wp-content\/uploads\/2024\/11\/FGC2024-OC-drone-shot-color-wide.jpg?fit=1200%2C675&ssl=1&resize=525%2C300 1.5x, https:\/\/i0.wp.com\/first.global\/wp-content\/uploads\/2024\/11\/FGC2024-OC-drone-shot-color-wide.jpg?fit=1200%2C675&ssl=1&resize=700%2C400 2x, https:\/\/i0.wp.com\/first.global\/wp-content\/uploads\/2024\/11\/FGC2024-OC-drone-shot-color-wide.jpg?fit=1200%2C675&ssl=1&resize=1050%2C600 3x"},"classes":[]},{"id":31734,"url":"https:\/\/first.global\/es\/archive\/fgc-2024\/","url_meta":{"origin":1452,"position":1},"title":"2024 FIRST Global Challenge","author":"FIRST Global","date":"noviembre 6, 2024","format":false,"excerpt":"","rel":"","context":"Entrada similar ","block_context":{"text":"Entrada similar ","link":""},"img":{"alt_text":"Drone shot of the 2024 FIRST Global Challenge Opening Ceremony at the Panathenaic Olympic stadium in Athens, Greece.","src":"https:\/\/i0.wp.com\/first.global\/wp-content\/uploads\/2024\/11\/FGC2024-OC-drone-shot-color-wide.jpg?fit=1200%2C675&ssl=1&resize=350%2C200","width":350,"height":200,"srcset":"https:\/\/i0.wp.com\/first.global\/wp-content\/uploads\/2024\/11\/FGC2024-OC-drone-shot-color-wide.jpg?fit=1200%2C675&ssl=1&resize=350%2C200 1x, https:\/\/i0.wp.com\/first.global\/wp-content\/uploads\/2024\/11\/FGC2024-OC-drone-shot-color-wide.jpg?fit=1200%2C675&ssl=1&resize=525%2C300 1.5x, https:\/\/i0.wp.com\/first.global\/wp-content\/uploads\/2024\/11\/FGC2024-OC-drone-shot-color-wide.jpg?fit=1200%2C675&ssl=1&resize=700%2C400 2x, https:\/\/i0.wp.com\/first.global\/wp-content\/uploads\/2024\/11\/FGC2024-OC-drone-shot-color-wide.jpg?fit=1200%2C675&ssl=1&resize=1050%2C600 3x"},"classes":[]},{"id":16344,"url":"https:\/\/first.global\/es\/support\/","url_meta":{"origin":1452,"position":2},"title":"Partidarios","author":"FIRST Global","date":"noviembre 2, 2017","format":false,"excerpt":"","rel":"","context":"Entrada similar ","block_context":{"text":"Entrada similar ","link":""},"img":{"alt_text":"","src":"","width":0,"height":0},"classes":[]},{"id":62325,"url":"https:\/\/first.global\/es\/archive\/fgc-2025\/","url_meta":{"origin":1452,"position":3},"title":"Desaf\u00edo FIRST Global 2025","author":"FIRST Global","date":"enero 28, 2026","format":false,"excerpt":"","rel":"","context":"Entrada similar ","block_context":{"text":"Entrada similar ","link":""},"img":{"alt_text":"","src":"https:\/\/i0.wp.com\/first.global\/wp-content\/uploads\/2026\/01\/DSC01388.jpg?fit=1200%2C800&ssl=1&resize=350%2C200","width":350,"height":200,"srcset":"https:\/\/i0.wp.com\/first.global\/wp-content\/uploads\/2026\/01\/DSC01388.jpg?fit=1200%2C800&ssl=1&resize=350%2C200 1x, https:\/\/i0.wp.com\/first.global\/wp-content\/uploads\/2026\/01\/DSC01388.jpg?fit=1200%2C800&ssl=1&resize=525%2C300 1.5x, https:\/\/i0.wp.com\/first.global\/wp-content\/uploads\/2026\/01\/DSC01388.jpg?fit=1200%2C800&ssl=1&resize=700%2C400 2x, https:\/\/i0.wp.com\/first.global\/wp-content\/uploads\/2026\/01\/DSC01388.jpg?fit=1200%2C800&ssl=1&resize=1050%2C600 3x"},"classes":[]},{"id":31565,"url":"https:\/\/first.global\/es\/roboco\/","url_meta":{"origin":1452,"position":4},"title":"RoboCo","author":"FIRST Global","date":"mayo 13, 2022","format":false,"excerpt":"","rel":"","context":"Entrada similar ","block_context":{"text":"Entrada similar ","link":""},"img":{"alt_text":"","src":"https:\/\/i0.wp.com\/first.global\/wp-content\/uploads\/2022\/05\/roboco-wLogos.jpg?fit=1200%2C675&ssl=1&resize=350%2C200","width":350,"height":200,"srcset":"https:\/\/i0.wp.com\/first.global\/wp-content\/uploads\/2022\/05\/roboco-wLogos.jpg?fit=1200%2C675&ssl=1&resize=350%2C200 1x, https:\/\/i0.wp.com\/first.global\/wp-content\/uploads\/2022\/05\/roboco-wLogos.jpg?fit=1200%2C675&ssl=1&resize=525%2C300 1.5x, https:\/\/i0.wp.com\/first.global\/wp-content\/uploads\/2022\/05\/roboco-wLogos.jpg?fit=1200%2C675&ssl=1&resize=700%2C400 2x, https:\/\/i0.wp.com\/first.global\/wp-content\/uploads\/2022\/05\/roboco-wLogos.jpg?fit=1200%2C675&ssl=1&resize=1050%2C600 3x"},"classes":[]},{"id":34335,"url":"https:\/\/first.global\/es\/sport\/","url_meta":{"origin":1452,"position":5},"title":"La rob\u00f3tica es un deporte","author":"FIRST Global","date":"diciembre 19, 2024","format":false,"excerpt":"","rel":"","context":"Entrada similar ","block_context":{"text":"Entrada similar ","link":""},"img":{"alt_text":"","src":"https:\/\/i0.wp.com\/first.global\/wp-content\/uploads\/2025\/07\/RiaS-thumbnail.jpg?fit=1080%2C1080&ssl=1&resize=350%2C200","width":350,"height":200,"srcset":"https:\/\/i0.wp.com\/first.global\/wp-content\/uploads\/2025\/07\/RiaS-thumbnail.jpg?fit=1080%2C1080&ssl=1&resize=350%2C200 1x, https:\/\/i0.wp.com\/first.global\/wp-content\/uploads\/2025\/07\/RiaS-thumbnail.jpg?fit=1080%2C1080&ssl=1&resize=525%2C300 1.5x, https:\/\/i0.wp.com\/first.global\/wp-content\/uploads\/2025\/07\/RiaS-thumbnail.jpg?fit=1080%2C1080&ssl=1&resize=700%2C400 2x, https:\/\/i0.wp.com\/first.global\/wp-content\/uploads\/2025\/07\/RiaS-thumbnail.jpg?fit=1080%2C1080&ssl=1&resize=1050%2C600 3x"},"classes":[]}],"_links":{"self":[{"href":"https:\/\/first.global\/es\/wp-json\/wp\/v2\/pages\/1452","targetHints":{"allow":["GET"]}}],"collection":[{"href":"https:\/\/first.global\/es\/wp-json\/wp\/v2\/pages"}],"about":[{"href":"https:\/\/first.global\/es\/wp-json\/wp\/v2\/types\/page"}],"author":[{"embeddable":true,"href":"https:\/\/first.global\/es\/wp-json\/wp\/v2\/users\/1"}],"replies":[{"embeddable":true,"href":"https:\/\/first.global\/es\/wp-json\/wp\/v2\/comments?post=1452"}],"version-history":[{"count":17,"href":"https:\/\/first.global\/es\/wp-json\/wp\/v2\/pages\/1452\/revisions"}],"predecessor-version":[{"id":35760,"href":"https:\/\/first.global\/es\/wp-json\/wp\/v2\/pages\/1452\/revisions\/35760"}],"wp:attachment":[{"href":"https:\/\/first.global\/es\/wp-json\/wp\/v2\/media?parent=1452"}],"curies":[{"name":"wp","href":"https:\/\/api.w.org\/{rel}","templated":true}]}}