{"id":32408,"date":"2024-11-19T16:40:07","date_gmt":"2024-11-19T21:40:07","guid":{"rendered":"https:\/\/first.global\/?page_id=32408"},"modified":"2024-11-19T16:40:23","modified_gmt":"2024-11-19T21:40:23","slug":"documents","status":"publish","type":"page","link":"https:\/\/first.global\/es\/documents\/","title":{"rendered":"PRIMERA Declaraci\u00f3n Global de Interdependencia y Carta de Responsabilidades"},"content":{"rendered":"<div class=\"wpb-content-wrapper\"><div data-q_header_style=\"dark\" class=\"vc_row wpb_row section vc_row-fluid  full_screen_section\" style='background-image:url(https:\/\/i0.wp.com\/first.global\/wp-content\/uploads\/2024\/11\/FirstGlobalChallenge1-3-1554-copy.jpg?fit=2048%2C622&ssl=1); text-align:center;'><div class=\"full_section_inner clearfix\"><div class=\"wpb_column vc_column_container vc_col-sm-12\"><div class=\"vc_column-inner\"><div class=\"wpb_wrapper\"><div class=\"separator  transparent\" style=\"height: 100px;\"><\/div>\n\t<div class=\"wpb_text_column wpb_content_element  vc_custom_1732051870548\">\n\t\t<div class=\"wpb_wrapper\">\n\t\t\t<h1 style=\"text-align: center;\"><span style=\"color: #ffffff;\">DECLARACI\u00d3N DE INTERDEPENDENCIA Y CARTA DE RESPONSABILIDADES<\/span><\/h1>\n\n\t\t<\/div>\n\t<\/div><div class=\"separator  transparent\" style=\"height: 100px;\"><\/div><\/div><\/div><\/div><\/div><\/div><div      class=\"vc_row wpb_row section vc_row-fluid  grid_section\" style=' text-align:left;'><div class=\"section_inner clearfix\"><div class='section_inner_margin clearfix'><div class=\"wpb_column vc_column_container vc_col-sm-12\"><div class=\"vc_column-inner\"><div class=\"wpb_wrapper\"><div class=\"vc_empty_space\"  style=\"height: 30px\" >\n\t<span class=\"vc_empty_space_inner\">\n\t\t<span class=\"empty_space_image\"  ><\/span>\n\t<\/span>\n<\/div>\n\t<div class=\"wpb_text_column wpb_content_element\">\n\t\t<div class=\"wpb_wrapper\">\n\t\t\t<h2>ESTAMOS COMPROMETIDOS CON UN PROP\u00d3SITO MAYOR.<\/h2>\n\n\t\t<\/div>\n\t<\/div><div class=\"separator  transparent\" style=\"height: 15px;\"><\/div><\/div><\/div><\/div><\/div><\/div><\/div><div      class=\"vc_row wpb_row section vc_row-fluid  grid_section\" style=' text-align:left;'><div class=\"section_inner clearfix\"><div class='section_inner_margin clearfix'><div class=\"wpb_column vc_column_container vc_col-sm-12\"><div class=\"vc_column-inner\"><div class=\"wpb_wrapper\">\n\t<div class=\"wpb_text_column wpb_content_element\">\n\t\t<div class=\"wpb_wrapper\">\n\t\t\t<p><em>FIRST<\/em> Global es la respuesta mundial a los retos urgentes que requieren una soluci\u00f3n global. Los retos actuales no se detienen en una comunidad, una provincia o un pa\u00eds. Los problemas globales exigen esfuerzos internacionales para desarrollar innovaciones y la voluntad de aplicarlas. Hay un papel necesario para cada ciudadano en cada pa\u00eds. <em>FIRST<\/em> Global lidera un movimiento para promover la colaboraci\u00f3n y la interdependencia globales.<\/p>\n<p>&nbsp;<\/p>\n<p>A continuaci\u00f3n <em>FIRST<\/em> La Declaraci\u00f3n de Interdependencia de Global y la Carta de Responsabilidades que la acompa\u00f1a. Juntos, estos documentos representan el credo fundacional de <em>FIRST<\/em> Global: somos una comunidad dedicada a la b\u00fasqueda cooperativa de un mundo m\u00e1s pac\u00edfico, que se consigue innovando juntos para garantizar la vida, la libertad, el \u00e9xito, el progreso y la felicidad de todos los que comparten nuestro planeta.<\/p>\n<p>&nbsp;<\/p>\n<p>Pedimos a todos <em>FIRST<\/em> Estudiantes, mentores, voluntarios y simpatizantes de todo el mundo leen estos documentos y vuelven a comprometerse con los valores que defienden. Son algo m\u00e1s que palabras sobre un papel; son un compromiso visible con la interdependencia y las responsabilidades que todos tenemos con los dem\u00e1s.<\/p>\n<p>&nbsp;<\/p>\n<p>Vea el v\u00eddeo a continuaci\u00f3n para ver c\u00f3mo la pr\u00f3xima generaci\u00f3n de l\u00edderes STEM se compromete con estos principios y con la b\u00fasqueda de la Coopertition\u00ae, la Gracious Professionalism\u00ae y la educaci\u00f3n STEM para un mundo mejor.<\/p>\n\n\t\t<\/div>\n\t<\/div><div class=\"vc_empty_space\"  style=\"height: 30px\" >\n\t<span class=\"vc_empty_space_inner\">\n\t\t<span class=\"empty_space_image\"  ><\/span>\n\t<\/span>\n<\/div>\n\t<div class=\"wpb_video_widget wpb_content_element vc_clearfix   vc_video-aspect-ratio-169 vc_video-el-width-100 vc_video-align-center\" >\n\t\t<div class=\"wpb_wrapper\">\n\t\t\t\n\t\t\t<div class=\"wpb_video_wrapper\"><span class=\"embed-youtube\" style=\"text-align:center; display: block;\"><iframe loading=\"lazy\" class=\"youtube-player\" width=\"1060\" height=\"597\" src=\"https:\/\/www.youtube.com\/embed\/HdcyzBC6NDw?version=3&#038;rel=1&#038;showsearch=0&#038;showinfo=1&#038;iv_load_policy=1&#038;fs=1&#038;hl=es-MX&#038;autohide=2&#038;wmode=transparent\" allowfullscreen=\"true\" style=\"border:0;\" sandbox=\"allow-scripts allow-same-origin allow-popups allow-presentation allow-popups-to-escape-sandbox\"><\/iframe><\/span><\/div>\n\t\t<\/div>\n\t<\/div>\n<div class=\"vc_empty_space\"  style=\"height: 30px\" >\n\t<span class=\"vc_empty_space_inner\">\n\t\t<span class=\"empty_space_image\"  ><\/span>\n\t<\/span>\n<\/div><\/div><\/div><\/div><\/div><\/div><\/div><div      class=\"vc_row wpb_row section vc_row-fluid  grid_section\" style=' text-align:left;'><div class=\"section_inner clearfix\"><div class='section_inner_margin clearfix'><div class=\"wpb_column vc_column_container vc_col-sm-12\"><div class=\"vc_column-inner\"><div class=\"wpb_wrapper\">\n\t<div class=\"wpb_text_column wpb_content_element\">\n\t\t<div class=\"wpb_wrapper\">\n\t\t\t<h2>DECLARACI\u00d3N DE INTERDEPENDENCIA<\/h2>\n\n\t\t<\/div>\n\t<\/div><div class=\"separator  transparent\" style=\"height: 10px;\"><\/div><div      class=\"vc_row wpb_row section vc_row-fluid vc_inner  vc_custom_1732052220936\" style=' text-align:left;'><div class=\"full_section_inner clearfix\"><div class=\"wpb_column vc_column_container vc_col-sm-12\"><div class=\"vc_column-inner\"><div class=\"wpb_wrapper\"><h2 style=\"font-size: 50px;text-align: center;font-family:Alex Brush;font-weight:400;font-style:normal\" class=\"vc_custom_heading vc_do_custom_heading\" >Declaraci\u00f3n de interdependencia<\/h2><div class=\"separator  transparent\" style=\"margin-top: 10px;\"><\/div>\n\t<div class=\"wpb_text_column wpb_content_element\">\n\t\t<div class=\"wpb_wrapper\">\n\t\t\t<p>Nosotros, el pueblo de <em>FIRST<\/em> Global - los estudiantes, los profesores, los mentores, los patrocinadores y quienes les apoyan - declaran que ha llegado el momento de que el mundo reconozca nuestra interdependencia mutua e invitan, en consecuencia, a nuestros semejantes a unirse a nosotros para trabajar juntos con el fin de mejorar la vida en nuestro planeta para nosotros y para las generaciones futuras.<\/p>\n<p>&nbsp;<\/p>\n<p><em>FIRST<\/em> Global cree que todas las personas tienen dones especiales que las convierten en innovadoras. Los problemas del planeta Tierra no pueden ser resueltos por un solo individuo o una sola naci\u00f3n. Pero cuando trabajamos juntos, no hay nada que no podamos lograr - y podemos compartir los beneficios de nuestros nuevos inventos con el mundo.<\/p>\n<p>&nbsp;<\/p>\n<p>Compartiendo y celebrando nuestra comprensi\u00f3n com\u00fan de la ciencia y la tecnolog\u00eda, <em>FIRST<\/em> Global se dedica a la b\u00fasqueda cooperativa de un mundo m\u00e1s pac\u00edfico innovando juntos para garantizar la vida, la libertad, el \u00e9xito, el avance, los logros y la felicidad de los dem\u00e1s.<\/p>\n<p>&nbsp;<\/p>\n<p>Para garantizar la consecuci\u00f3n de estos objetivos, el pueblo de <em>FIRST<\/em> Global declara ahora los siguientes principios rectores:<\/p>\n<p>&nbsp;<\/p>\n<ul>\n<li style=\"list-style-type: none;\">\n<ul>\n<li>A lo largo de la historia, los innovadores nos han permitido resurgir de las cenizas de nuestras horas m\u00e1s oscuras con innovaciones profundamente transformadoras, realizadas por individuos y naciones con el valor y la sabidur\u00eda de mirar m\u00e1s all\u00e1 de las fronteras geogr\u00e1ficas y reconocer que las ideas son m\u00e1s fuertes cuando se combinan.<\/li>\n<li>Para superar los retos urgentes de hoy y los problemas a los que se enfrentar\u00e1 nuestro planeta ma\u00f1ana, trabajaremos para garantizar que la humanidad alcance y supere los incre\u00edbles logros de los innovadores del pasado.<\/li>\n<li>La ciencia y la tecnolog\u00eda pueden unir a todos los pueblos y pueden, sin conflictos ni divisiones, ser utilizadas por todas las naciones en un esp\u00edritu de innovaci\u00f3n y cooperaci\u00f3n para combatir a nuestros enemigos comunes de la pobreza, la escasez de alimentos, las enfermedades, las desigualdades sociales y econ\u00f3micas, la ignorancia e incluso la guerra.<\/li>\n<li>Ahora, m\u00e1s que nunca, es esencial promover la oportunidad de que todos los j\u00f3venes dominen las leyes universales de la ciencia, la tecnolog\u00eda, la ingenier\u00eda y las matem\u00e1ticas, para que, como ciudadanos globales hoy y l\u00edderes mundiales ma\u00f1ana, trabajen colectivamente para garantizar un mejor nivel de bienestar en un mundo m\u00e1s sostenible y pac\u00edfico.<\/li>\n<\/ul>\n<\/li>\n<\/ul>\n<p>&nbsp;<\/p>\n<p>Por lo tanto, proclamamos esta Declaraci\u00f3n de Interdependencia y, con el entendimiento y la apreciaci\u00f3n comunes de la urgente necesidad de unos y otros en la b\u00fasqueda de la mejora de la condici\u00f3n humana hoy y en el futuro, reconocemos formalmente nuestra dependencia mutua - e invitamos a otros a unirse a nosotros.<\/p>\n\n\t\t<\/div>\n\t<\/div><\/div><\/div><\/div><\/div><\/div><div class=\"vc_empty_space\"  style=\"height: 30px\" >\n\t<span class=\"vc_empty_space_inner\">\n\t\t<span class=\"empty_space_image\"  ><\/span>\n\t<\/span>\n<\/div><\/div><\/div><\/div><\/div><\/div><\/div><div      class=\"vc_row wpb_row section vc_row-fluid  grid_section\" style=' text-align:left;'><div class=\"section_inner clearfix\"><div class='section_inner_margin clearfix'><div class=\"wpb_column vc_column_container vc_col-sm-12\"><div class=\"vc_column-inner\"><div class=\"wpb_wrapper\">\n\t<div class=\"wpb_text_column wpb_content_element\">\n\t\t<div class=\"wpb_wrapper\">\n\t\t\t<h2>LISTA DE RESPONSABILIDADES<\/h2>\n\n\t\t<\/div>\n\t<\/div><div class=\"separator  transparent\" style=\"height: 10px;\"><\/div><div      class=\"vc_row wpb_row section vc_row-fluid vc_inner  vc_custom_1732052234990\" style=' text-align:left;'><div class=\"full_section_inner clearfix\"><div class=\"wpb_column vc_column_container vc_col-sm-12\"><div class=\"vc_column-inner\"><div class=\"wpb_wrapper\"><h2 style=\"font-size: 50px;text-align: center;font-family:Alex Brush;font-weight:400;font-style:normal\" class=\"vc_custom_heading vc_do_custom_heading\" >Lista de responsabilidades<\/h2><div class=\"separator  transparent\" style=\"margin-top: 10px;\"><\/div>\n\t<div class=\"wpb_text_column wpb_content_element\">\n\t\t<div class=\"wpb_wrapper\">\n\t\t\t<p>En promoci\u00f3n y apoyo de la Declaraci\u00f3n de Interdependencia adoptada por el pueblo de <em>FIRST<\/em> Globalmente - y apelando a nuestra mejor naturaleza y a nuestros mayores sue\u00f1os - anunciamos con entusiasmo y confianza que un gran poder conlleva una gran responsabilidad. Todos nosotros tenemos responsabilidades: para con nosotros mismos, para con los dem\u00e1s y para con las generaciones futuras. En consecuencia, nos prometemos mutuamente nuestra inspiraci\u00f3n, nuestra empat\u00eda y nuestra comprensi\u00f3n de las responsabilidades que se exponen a continuaci\u00f3n.<\/p>\n<p>&nbsp;<\/p>\n<ol>\n<li style=\"list-style-type: none;\">\n<ol>\n<li>Promovemos la paz trabajando juntos en proyectos de ciencia y tecnolog\u00eda. Estos emprendimientos fomentan el entendimiento y las experiencias comunes.<\/li>\n<li>Tratamos a todo el mundo con amabilidad y respeto incondicionales. La empat\u00eda y el trabajo duro son la columna vertebral del progreso.<\/li>\n<li>Reconocemos las contribuciones de los dem\u00e1s. Aprendemos m\u00e1s unos de otros que solos.<\/li>\n<li>Creemos que el mundo no necesita perdedores para tener ganadores. El \u00e9xito de una persona no conduce inevitablemente a la p\u00e9rdida de otra; por el contrario, las innovaciones compartidas pueden aportar tanto recompensas a los innovadores como una mayor calidad de vida para todos.<\/li>\n<li>Promovemos el aprendizaje y la creatividad en nuestras comunidades, nuestras naciones y nuestro mundo. La imaginaci\u00f3n y la tecnolog\u00eda son herramientas esenciales para construir un futuro mejor.<\/li>\n<li>Trabajamos para garantizar que nuestro propio progreso no inhiba el de los dem\u00e1s. Ninguno de nosotros puede tener \u00e9xito a expensas de sus conciudadanos.<\/li>\n<li>Amamos lo que hacemos. Lo compartimos con los dem\u00e1s y, al hacerlo, no s\u00f3lo impulsaremos nuestra innovaci\u00f3n, sino que tambi\u00e9n traeremos la paz a trav\u00e9s de la colaboraci\u00f3n.<\/li>\n<\/ol>\n<\/li>\n<\/ol>\n\n\t\t<\/div>\n\t<\/div><\/div><\/div><\/div><\/div><\/div><div class=\"vc_empty_space\"  style=\"height: 30px\" >\n\t<span class=\"vc_empty_space_inner\">\n\t\t<span class=\"empty_space_image\"  ><\/span>\n\t<\/span>\n<\/div><\/div><\/div><\/div><\/div><\/div><\/div>\n<\/div>","protected":false},"excerpt":{"rendered":"DECLARACI\u00d3N DE INTERDEPENDENCIA Y FACTURA DE RESPONSABILIDADES ESTAMOS COMPROMETIDOS CON UN PROP\u00d3SITO MAYOR. FIRST Global es la respuesta mundial a los retos urgentes que requieren una soluci\u00f3n global. Los retos actuales no se detienen en una comunidad, una provincia o un pa\u00eds. Los problemas globales exigen...","protected":false},"author":1,"featured_media":0,"parent":0,"menu_order":0,"comment_status":"closed","ping_status":"closed","template":"full_width.php","meta":{"give_campaign_id":0,"_crdt_document":"","footnotes":""},"class_list":["post-32408","page","type-page","status-publish","hentry"],"yoast_head":"<!-- This site is optimized with the Yoast SEO plugin v27.4 - https:\/\/yoast.com\/product\/yoast-seo-wordpress\/ -->\n<title>FIRST Global Declaration of Interdependence and Bill of Responsibilities - FIRST Global<\/title>\n<meta name=\"robots\" content=\"index, follow, max-snippet:-1, max-image-preview:large, max-video-preview:-1\" \/>\n<link rel=\"canonical\" href=\"https:\/\/first.global\/es\/documents\/\" \/>\n<meta property=\"og:locale\" content=\"es_MX\" \/>\n<meta property=\"og:type\" content=\"article\" \/>\n<meta property=\"og:title\" content=\"FIRST Global Declaration of Interdependence and Bill of Responsibilities - FIRST Global\" \/>\n<meta property=\"og:url\" content=\"https:\/\/first.global\/es\/documents\/\" \/>\n<meta property=\"og:site_name\" content=\"FIRST Global\" \/>\n<meta property=\"article:publisher\" content=\"http:\/\/facebook.com\/F1RSTglobal\" \/>\n<meta property=\"article:modified_time\" content=\"2024-11-19T21:40:23+00:00\" \/>\n<meta property=\"og:image\" content=\"https:\/\/i0.wp.com\/first.global\/wp-content\/uploads\/2024\/11\/FirstGlobal_SingaporeD2_jm-11.jpg?fit=1200%2C800&ssl=1\" \/>\n\t<meta property=\"og:image:width\" content=\"1200\" \/>\n\t<meta property=\"og:image:height\" content=\"800\" \/>\n\t<meta property=\"og:image:type\" content=\"image\/jpeg\" \/>\n<meta name=\"twitter:card\" content=\"summary_large_image\" \/>\n<meta name=\"twitter:site\" content=\"@F1RSTglobal\" \/>\n<meta name=\"twitter:label1\" content=\"Tiempo de lectura\" \/>\n\t<meta name=\"twitter:data1\" content=\"5 minutos\" \/>\n<script type=\"application\/ld+json\" class=\"yoast-schema-graph\">{\"@context\":\"https:\\\/\\\/schema.org\",\"@graph\":[{\"@type\":\"WebPage\",\"@id\":\"https:\\\/\\\/first.global\\\/documents\\\/\",\"url\":\"https:\\\/\\\/first.global\\\/documents\\\/\",\"name\":\"FIRST Global Declaration of Interdependence and Bill of Responsibilities - FIRST Global\",\"isPartOf\":{\"@id\":\"https:\\\/\\\/first.global\\\/#website\"},\"datePublished\":\"2024-11-19T21:40:07+00:00\",\"dateModified\":\"2024-11-19T21:40:23+00:00\",\"breadcrumb\":{\"@id\":\"https:\\\/\\\/first.global\\\/documents\\\/#breadcrumb\"},\"inLanguage\":\"es\",\"potentialAction\":[{\"@type\":\"ReadAction\",\"target\":[\"https:\\\/\\\/first.global\\\/documents\\\/\"]}]},{\"@type\":\"BreadcrumbList\",\"@id\":\"https:\\\/\\\/first.global\\\/documents\\\/#breadcrumb\",\"itemListElement\":[{\"@type\":\"ListItem\",\"position\":1,\"name\":\"Home\",\"item\":\"https:\\\/\\\/first.global\\\/\"},{\"@type\":\"ListItem\",\"position\":2,\"name\":\"FIRST Global Declaration of Interdependence and Bill of Responsibilities\"}]},{\"@type\":\"WebSite\",\"@id\":\"https:\\\/\\\/first.global\\\/#website\",\"url\":\"https:\\\/\\\/first.global\\\/\",\"name\":\"FIRST Global\",\"description\":\"\",\"publisher\":{\"@id\":\"https:\\\/\\\/first.global\\\/#organization\"},\"potentialAction\":[{\"@type\":\"SearchAction\",\"target\":{\"@type\":\"EntryPoint\",\"urlTemplate\":\"https:\\\/\\\/first.global\\\/?s={search_term_string}\"},\"query-input\":{\"@type\":\"PropertyValueSpecification\",\"valueRequired\":true,\"valueName\":\"search_term_string\"}}],\"inLanguage\":\"es\"},{\"@type\":\"Organization\",\"@id\":\"https:\\\/\\\/first.global\\\/#organization\",\"name\":\"FIRST Global\",\"url\":\"https:\\\/\\\/first.global\\\/\",\"logo\":{\"@type\":\"ImageObject\",\"inLanguage\":\"es\",\"@id\":\"https:\\\/\\\/first.global\\\/#\\\/schema\\\/logo\\\/image\\\/\",\"url\":\"https:\\\/\\\/i0.wp.com\\\/first.global\\\/wp-content\\\/uploads\\\/2017\\\/10\\\/FG_Logo-black.png?fit=4656%2C1267&ssl=1\",\"contentUrl\":\"https:\\\/\\\/i0.wp.com\\\/first.global\\\/wp-content\\\/uploads\\\/2017\\\/10\\\/FG_Logo-black.png?fit=4656%2C1267&ssl=1\",\"width\":4656,\"height\":1267,\"caption\":\"FIRST Global\"},\"image\":{\"@id\":\"https:\\\/\\\/first.global\\\/#\\\/schema\\\/logo\\\/image\\\/\"},\"sameAs\":[\"http:\\\/\\\/facebook.com\\\/F1RSTglobal\",\"https:\\\/\\\/x.com\\\/F1RSTglobal\",\"http:\\\/\\\/instagram.com\\\/f1rstglobal\",\"https:\\\/\\\/www.linkedin.com\\\/company\\\/f1rst-global\",\"http:\\\/\\\/youtube.com\\\/@f1rstglobal\"]}]}<\/script>\n<!-- \/ Yoast SEO plugin. -->","yoast_head_json":{"title":"FIRST Declaraci\u00f3n Global de Interdependencia y Carta de Responsabilidades - FIRST Global","robots":{"index":"index","follow":"follow","max-snippet":"max-snippet:-1","max-image-preview":"max-image-preview:large","max-video-preview":"max-video-preview:-1"},"canonical":"https:\/\/first.global\/es\/documents\/","og_locale":"es_MX","og_type":"article","og_title":"FIRST Global Declaration of Interdependence and Bill of Responsibilities - FIRST Global","og_url":"https:\/\/first.global\/es\/documents\/","og_site_name":"FIRST Global","article_publisher":"http:\/\/facebook.com\/F1RSTglobal","article_modified_time":"2024-11-19T21:40:23+00:00","og_image":[{"width":1200,"height":800,"url":"https:\/\/i0.wp.com\/first.global\/wp-content\/uploads\/2024\/11\/FirstGlobal_SingaporeD2_jm-11.jpg?fit=1200%2C800&ssl=1","type":"image\/jpeg"}],"twitter_card":"summary_large_image","twitter_site":"@F1RSTglobal","twitter_misc":{"Tiempo de lectura":"5 minutos"},"schema":{"@context":"https:\/\/schema.org","@graph":[{"@type":"WebPage","@id":"https:\/\/first.global\/documents\/","url":"https:\/\/first.global\/documents\/","name":"FIRST Declaraci\u00f3n Global de Interdependencia y Carta de Responsabilidades - FIRST Global","isPartOf":{"@id":"https:\/\/first.global\/#website"},"datePublished":"2024-11-19T21:40:07+00:00","dateModified":"2024-11-19T21:40:23+00:00","breadcrumb":{"@id":"https:\/\/first.global\/documents\/#breadcrumb"},"inLanguage":"es","potentialAction":[{"@type":"ReadAction","target":["https:\/\/first.global\/documents\/"]}]},{"@type":"BreadcrumbList","@id":"https:\/\/first.global\/documents\/#breadcrumb","itemListElement":[{"@type":"ListItem","position":1,"name":"Home","item":"https:\/\/first.global\/"},{"@type":"ListItem","position":2,"name":"FIRST Global Declaration of Interdependence and Bill of Responsibilities"}]},{"@type":"WebSite","@id":"https:\/\/first.global\/#website","url":"https:\/\/first.global\/","name":"FIRST Global","description":"","publisher":{"@id":"https:\/\/first.global\/#organization"},"potentialAction":[{"@type":"SearchAction","target":{"@type":"EntryPoint","urlTemplate":"https:\/\/first.global\/?s={search_term_string}"},"query-input":{"@type":"PropertyValueSpecification","valueRequired":true,"valueName":"search_term_string"}}],"inLanguage":"es"},{"@type":"Organization","@id":"https:\/\/first.global\/#organization","name":"FIRST Global","url":"https:\/\/first.global\/","logo":{"@type":"ImageObject","inLanguage":"es","@id":"https:\/\/first.global\/#\/schema\/logo\/image\/","url":"https:\/\/i0.wp.com\/first.global\/wp-content\/uploads\/2017\/10\/FG_Logo-black.png?fit=4656%2C1267&ssl=1","contentUrl":"https:\/\/i0.wp.com\/first.global\/wp-content\/uploads\/2017\/10\/FG_Logo-black.png?fit=4656%2C1267&ssl=1","width":4656,"height":1267,"caption":"FIRST Global"},"image":{"@id":"https:\/\/first.global\/#\/schema\/logo\/image\/"},"sameAs":["http:\/\/facebook.com\/F1RSTglobal","https:\/\/x.com\/F1RSTglobal","http:\/\/instagram.com\/f1rstglobal","https:\/\/www.linkedin.com\/company\/f1rst-global","http:\/\/youtube.com\/@f1rstglobal"]}]}},"campaignId":"","jetpack_sharing_enabled":true,"jetpack_shortlink":"https:\/\/wp.me\/P9kXwL-8qI","jetpack-related-posts":[{"id":31734,"url":"https:\/\/first.global\/es\/archive\/fgc-2024\/","url_meta":{"origin":32408,"position":0},"title":"2024 FIRST Global Challenge","author":"FIRST Global","date":"noviembre 6, 2024","format":false,"excerpt":"","rel":"","context":"Entrada similar ","block_context":{"text":"Entrada similar ","link":""},"img":{"alt_text":"Drone shot of the 2024 FIRST Global Challenge Opening Ceremony at the Panathenaic Olympic stadium in Athens, Greece.","src":"https:\/\/i0.wp.com\/first.global\/wp-content\/uploads\/2024\/11\/FGC2024-OC-drone-shot-color-wide.jpg?fit=1200%2C675&ssl=1&resize=350%2C200","width":350,"height":200,"srcset":"https:\/\/i0.wp.com\/first.global\/wp-content\/uploads\/2024\/11\/FGC2024-OC-drone-shot-color-wide.jpg?fit=1200%2C675&ssl=1&resize=350%2C200 1x, https:\/\/i0.wp.com\/first.global\/wp-content\/uploads\/2024\/11\/FGC2024-OC-drone-shot-color-wide.jpg?fit=1200%2C675&ssl=1&resize=525%2C300 1.5x, https:\/\/i0.wp.com\/first.global\/wp-content\/uploads\/2024\/11\/FGC2024-OC-drone-shot-color-wide.jpg?fit=1200%2C675&ssl=1&resize=700%2C400 2x, https:\/\/i0.wp.com\/first.global\/wp-content\/uploads\/2024\/11\/FGC2024-OC-drone-shot-color-wide.jpg?fit=1200%2C675&ssl=1&resize=1050%2C600 3x"},"classes":[]},{"id":33586,"url":"https:\/\/first.global\/es\/archive\/fgc-2023\/","url_meta":{"origin":32408,"position":1},"title":"2023 FIRST Global Challenge","author":"FIRST Global","date":"diciembre 20, 2024","format":false,"excerpt":"","rel":"","context":"Entrada similar ","block_context":{"text":"Entrada similar ","link":""},"img":{"alt_text":"Drone shot of the 2024 FIRST Global Challenge Opening Ceremony at the Panathenaic Olympic stadium in Athens, Greece.","src":"https:\/\/i0.wp.com\/first.global\/wp-content\/uploads\/2024\/11\/FGC2024-OC-drone-shot-color-wide.jpg?fit=1200%2C675&ssl=1&resize=350%2C200","width":350,"height":200,"srcset":"https:\/\/i0.wp.com\/first.global\/wp-content\/uploads\/2024\/11\/FGC2024-OC-drone-shot-color-wide.jpg?fit=1200%2C675&ssl=1&resize=350%2C200 1x, https:\/\/i0.wp.com\/first.global\/wp-content\/uploads\/2024\/11\/FGC2024-OC-drone-shot-color-wide.jpg?fit=1200%2C675&ssl=1&resize=525%2C300 1.5x, https:\/\/i0.wp.com\/first.global\/wp-content\/uploads\/2024\/11\/FGC2024-OC-drone-shot-color-wide.jpg?fit=1200%2C675&ssl=1&resize=700%2C400 2x, https:\/\/i0.wp.com\/first.global\/wp-content\/uploads\/2024\/11\/FGC2024-OC-drone-shot-color-wide.jpg?fit=1200%2C675&ssl=1&resize=1050%2C600 3x"},"classes":[]},{"id":34335,"url":"https:\/\/first.global\/es\/sport\/","url_meta":{"origin":32408,"position":2},"title":"La rob\u00f3tica es un deporte","author":"FIRST Global","date":"diciembre 19, 2024","format":false,"excerpt":"","rel":"","context":"Entrada similar ","block_context":{"text":"Entrada similar ","link":""},"img":{"alt_text":"","src":"https:\/\/i0.wp.com\/first.global\/wp-content\/uploads\/2025\/07\/RiaS-thumbnail.jpg?fit=1080%2C1080&ssl=1&resize=350%2C200","width":350,"height":200,"srcset":"https:\/\/i0.wp.com\/first.global\/wp-content\/uploads\/2025\/07\/RiaS-thumbnail.jpg?fit=1080%2C1080&ssl=1&resize=350%2C200 1x, https:\/\/i0.wp.com\/first.global\/wp-content\/uploads\/2025\/07\/RiaS-thumbnail.jpg?fit=1080%2C1080&ssl=1&resize=525%2C300 1.5x, https:\/\/i0.wp.com\/first.global\/wp-content\/uploads\/2025\/07\/RiaS-thumbnail.jpg?fit=1080%2C1080&ssl=1&resize=700%2C400 2x, https:\/\/i0.wp.com\/first.global\/wp-content\/uploads\/2025\/07\/RiaS-thumbnail.jpg?fit=1080%2C1080&ssl=1&resize=1050%2C600 3x"},"classes":[]},{"id":16344,"url":"https:\/\/first.global\/es\/support\/","url_meta":{"origin":32408,"position":3},"title":"Partidarios","author":"FIRST Global","date":"noviembre 2, 2017","format":false,"excerpt":"","rel":"","context":"Entrada similar ","block_context":{"text":"Entrada similar ","link":""},"img":{"alt_text":"","src":"","width":0,"height":0},"classes":[]},{"id":62325,"url":"https:\/\/first.global\/es\/archive\/fgc-2025\/","url_meta":{"origin":32408,"position":4},"title":"Desaf\u00edo FIRST Global 2025","author":"FIRST Global","date":"enero 28, 2026","format":false,"excerpt":"","rel":"","context":"Entrada similar ","block_context":{"text":"Entrada similar ","link":""},"img":{"alt_text":"","src":"https:\/\/i0.wp.com\/first.global\/wp-content\/uploads\/2026\/01\/DSC01388.jpg?fit=1200%2C800&ssl=1&resize=350%2C200","width":350,"height":200,"srcset":"https:\/\/i0.wp.com\/first.global\/wp-content\/uploads\/2026\/01\/DSC01388.jpg?fit=1200%2C800&ssl=1&resize=350%2C200 1x, https:\/\/i0.wp.com\/first.global\/wp-content\/uploads\/2026\/01\/DSC01388.jpg?fit=1200%2C800&ssl=1&resize=525%2C300 1.5x, https:\/\/i0.wp.com\/first.global\/wp-content\/uploads\/2026\/01\/DSC01388.jpg?fit=1200%2C800&ssl=1&resize=700%2C400 2x, https:\/\/i0.wp.com\/first.global\/wp-content\/uploads\/2026\/01\/DSC01388.jpg?fit=1200%2C800&ssl=1&resize=1050%2C600 3x"},"classes":[]},{"id":24452,"url":"https:\/\/first.global\/es\/resources\/","url_meta":{"origin":32408,"position":5},"title":"Recursos","author":"FIRST Global","date":"junio 22, 2020","format":false,"excerpt":"","rel":"","context":"Entrada similar ","block_context":{"text":"Entrada similar ","link":""},"img":{"alt_text":"","src":"","width":0,"height":0},"classes":[]}],"_links":{"self":[{"href":"https:\/\/first.global\/es\/wp-json\/wp\/v2\/pages\/32408","targetHints":{"allow":["GET"]}}],"collection":[{"href":"https:\/\/first.global\/es\/wp-json\/wp\/v2\/pages"}],"about":[{"href":"https:\/\/first.global\/es\/wp-json\/wp\/v2\/types\/page"}],"author":[{"embeddable":true,"href":"https:\/\/first.global\/es\/wp-json\/wp\/v2\/users\/1"}],"replies":[{"embeddable":true,"href":"https:\/\/first.global\/es\/wp-json\/wp\/v2\/comments?post=32408"}],"version-history":[{"count":14,"href":"https:\/\/first.global\/es\/wp-json\/wp\/v2\/pages\/32408\/revisions"}],"predecessor-version":[{"id":32424,"href":"https:\/\/first.global\/es\/wp-json\/wp\/v2\/pages\/32408\/revisions\/32424"}],"wp:attachment":[{"href":"https:\/\/first.global\/es\/wp-json\/wp\/v2\/media?parent=32408"}],"curies":[{"name":"wp","href":"https:\/\/api.w.org\/{rel}","templated":true}]}}