{"id":32408,"date":"2024-11-19T16:40:07","date_gmt":"2024-11-19T21:40:07","guid":{"rendered":"https:\/\/first.global\/?page_id=32408"},"modified":"2024-11-19T16:40:23","modified_gmt":"2024-11-19T21:40:23","slug":"documents","status":"publish","type":"page","link":"https:\/\/first.global\/pt\/documents\/","title":{"rendered":"PRIMEIRA Declara\u00e7\u00e3o Global de Interdepend\u00eancia e Carta de Responsabilidades"},"content":{"rendered":"<div class=\"wpb-content-wrapper\"><div data-q_header_style=\"dark\" class=\"vc_row wpb_row section vc_row-fluid  full_screen_section\" style='background-image:url(https:\/\/i0.wp.com\/first.global\/wp-content\/uploads\/2024\/11\/FirstGlobalChallenge1-3-1554-copy.jpg?fit=2048%2C622&ssl=1); text-align:center;'><div class=\"full_section_inner clearfix\"><div class=\"wpb_column vc_column_container vc_col-sm-12\"><div class=\"vc_column-inner\"><div class=\"wpb_wrapper\"><div class=\"separator  transparent\" style=\"height: 100px;\"><\/div>\n\t<div class=\"wpb_text_column wpb_content_element  vc_custom_1732051870548\">\n\t\t<div class=\"wpb_wrapper\">\n\t\t\t<h1 style=\"text-align: center;\"><span style=\"color: #ffffff;\">DECLARA\u00c7\u00c3O DE INTERDEPEND\u00caNCIA E DECLARA\u00c7\u00c3O DE RESPONSABILIDADES<\/span><\/h1>\n\n\t\t<\/div>\n\t<\/div><div class=\"separator  transparent\" style=\"height: 100px;\"><\/div><\/div><\/div><\/div><\/div><\/div><div      class=\"vc_row wpb_row section vc_row-fluid  grid_section\" style=' text-align:left;'><div class=\"section_inner clearfix\"><div class='section_inner_margin clearfix'><div class=\"wpb_column vc_column_container vc_col-sm-12\"><div class=\"vc_column-inner\"><div class=\"wpb_wrapper\"><div class=\"vc_empty_space\"  style=\"height: 30px\" >\n\t<span class=\"vc_empty_space_inner\">\n\t\t<span class=\"empty_space_image\"  ><\/span>\n\t<\/span>\n<\/div>\n\t<div class=\"wpb_text_column wpb_content_element\">\n\t\t<div class=\"wpb_wrapper\">\n\t\t\t<h2>ESTAMOS COMPROMETIDOS COM UM PROP\u00d3SITO MAIOR.<\/h2>\n\n\t\t<\/div>\n\t<\/div><div class=\"separator  transparent\" style=\"height: 15px;\"><\/div><\/div><\/div><\/div><\/div><\/div><\/div><div      class=\"vc_row wpb_row section vc_row-fluid  grid_section\" style=' text-align:left;'><div class=\"section_inner clearfix\"><div class='section_inner_margin clearfix'><div class=\"wpb_column vc_column_container vc_col-sm-12\"><div class=\"vc_column-inner\"><div class=\"wpb_wrapper\">\n\t<div class=\"wpb_text_column wpb_content_element\">\n\t\t<div class=\"wpb_wrapper\">\n\t\t\t<p><em>FIRST<\/em> Global \u00e9 a resposta do mundo a desafios urgentes que exigem uma solu\u00e7\u00e3o global. Os desafios atuais n\u00e3o param em uma comunidade, uma prov\u00edncia ou um pa\u00eds. Os problemas globais exigem esfor\u00e7os internacionais para desenvolver inova\u00e7\u00f5es e a vontade de aplic\u00e1-las. H\u00e1 uma fun\u00e7\u00e3o necess\u00e1ria para cada cidad\u00e3o em cada pa\u00eds. <em>FIRST<\/em> A Global est\u00e1 liderando um movimento para promover a colabora\u00e7\u00e3o e a interdepend\u00eancia globais.<\/p>\n<p>&nbsp;<\/p>\n<p>Abaixo est\u00e3o <em>FIRST<\/em> A Declara\u00e7\u00e3o de Interdepend\u00eancia da Global e a Carta de Responsabilidades que a acompanha. Juntos, esses documentos representam o credo fundamental da <em>FIRST<\/em> Global: somos uma comunidade dedicada \u00e0 busca cooperativa de um mundo mais pac\u00edfico, alcan\u00e7ado por meio da inova\u00e7\u00e3o conjunta para garantir a vida, a liberdade, o sucesso, o avan\u00e7o e a felicidade de todos que compartilham nosso planeta.<\/p>\n<p>&nbsp;<\/p>\n<p>Pedimos que todos os <em>FIRST<\/em> Os alunos, mentores, volunt\u00e1rios e apoiadores globais leem esses documentos e se comprometem novamente com os valores que eles defendem. Eles s\u00e3o mais do que apenas palavras no papel; s\u00e3o um compromisso vis\u00edvel com a interdepend\u00eancia e com as responsabilidades que todos temos uns para com os outros.<\/p>\n<p>&nbsp;<\/p>\n<p>Assista ao v\u00eddeo abaixo para ver a pr\u00f3xima gera\u00e7\u00e3o de l\u00edderes STEM se comprometer com esses princ\u00edpios e com a busca da Coopertition\u00ae, do Gracious Professionalism\u00ae e da educa\u00e7\u00e3o STEM para um mundo melhor.<\/p>\n\n\t\t<\/div>\n\t<\/div><div class=\"vc_empty_space\"  style=\"height: 30px\" >\n\t<span class=\"vc_empty_space_inner\">\n\t\t<span class=\"empty_space_image\"  ><\/span>\n\t<\/span>\n<\/div>\n\t<div class=\"wpb_video_widget wpb_content_element vc_clearfix   vc_video-aspect-ratio-169 vc_video-el-width-100 vc_video-align-center\" >\n\t\t<div class=\"wpb_wrapper\">\n\t\t\t\n\t\t\t<div class=\"wpb_video_wrapper\"><span class=\"embed-youtube\" style=\"text-align:center; display: block;\"><iframe loading=\"lazy\" class=\"youtube-player\" width=\"1060\" height=\"597\" src=\"https:\/\/www.youtube.com\/embed\/HdcyzBC6NDw?version=3&#038;rel=1&#038;showsearch=0&#038;showinfo=1&#038;iv_load_policy=1&#038;fs=1&#038;hl=pt-BR&#038;autohide=2&#038;wmode=transparent\" allowfullscreen=\"true\" style=\"border:0;\" sandbox=\"allow-scripts allow-same-origin allow-popups allow-presentation allow-popups-to-escape-sandbox\"><\/iframe><\/span><\/div>\n\t\t<\/div>\n\t<\/div>\n<div class=\"vc_empty_space\"  style=\"height: 30px\" >\n\t<span class=\"vc_empty_space_inner\">\n\t\t<span class=\"empty_space_image\"  ><\/span>\n\t<\/span>\n<\/div><\/div><\/div><\/div><\/div><\/div><\/div><div      class=\"vc_row wpb_row section vc_row-fluid  grid_section\" style=' text-align:left;'><div class=\"section_inner clearfix\"><div class='section_inner_margin clearfix'><div class=\"wpb_column vc_column_container vc_col-sm-12\"><div class=\"vc_column-inner\"><div class=\"wpb_wrapper\">\n\t<div class=\"wpb_text_column wpb_content_element\">\n\t\t<div class=\"wpb_wrapper\">\n\t\t\t<h2>DECLARA\u00c7\u00c3O DE INTERDEPEND\u00caNCIA<\/h2>\n\n\t\t<\/div>\n\t<\/div><div class=\"separator  transparent\" style=\"height: 10px;\"><\/div><div      class=\"vc_row wpb_row section vc_row-fluid vc_inner  vc_custom_1732052220936\" style=' text-align:left;'><div class=\"full_section_inner clearfix\"><div class=\"wpb_column vc_column_container vc_col-sm-12\"><div class=\"vc_column-inner\"><div class=\"wpb_wrapper\"><h2 style=\"font-size: 50px;text-align: center;font-family:Alex Brush;font-weight:400;font-style:normal\" class=\"vc_custom_heading vc_do_custom_heading\" >Declara\u00e7\u00e3o de Interdepend\u00eancia<\/h2><div class=\"separator  transparent\" style=\"margin-top: 10px;\"><\/div>\n\t<div class=\"wpb_text_column wpb_content_element\">\n\t\t<div class=\"wpb_wrapper\">\n\t\t\t<p>N\u00f3s, o povo de <em>FIRST<\/em> Global - os alunos, os professores, os mentores, os patrocinadores e seus apoiadores - declaram que chegou a hora de o mundo reconhecer nossa interdepend\u00eancia uns dos outros e, portanto, convidam nossos semelhantes a se juntarem a n\u00f3s no trabalho conjunto para melhorar a vida em nosso planeta para n\u00f3s mesmos e para as gera\u00e7\u00f5es futuras.<\/p>\n<p>&nbsp;<\/p>\n<p><em>FIRST<\/em> A Global acredita que todas as pessoas t\u00eam dons especiais que as tornam inovadoras. Os problemas do planeta Terra n\u00e3o podem ser resolvidos por um \u00fanico indiv\u00edduo ou uma \u00fanica na\u00e7\u00e3o. Mas quando trabalhamos juntos, n\u00e3o h\u00e1 nada que n\u00e3o possamos realizar - e podemos compartilhar os benef\u00edcios de nossas novas inven\u00e7\u00f5es com o mundo.<\/p>\n<p>&nbsp;<\/p>\n<p>Compartilhando e celebrando nosso entendimento comum de ci\u00eancia e tecnologia, <em>FIRST<\/em> A Global se dedica \u00e0 busca cooperativa de um mundo mais pac\u00edfico, inovando em conjunto para garantir a vida, a liberdade, o sucesso, o avan\u00e7o, a conquista e a felicidade de outras pessoas.<\/p>\n<p>&nbsp;<\/p>\n<p>Para garantir a busca desses objetivos, o povo de <em>FIRST<\/em> A Global declara agora os seguintes princ\u00edpios orientadores:<\/p>\n<p>&nbsp;<\/p>\n<ul>\n<li style=\"list-style-type: none;\">\n<ul>\n<li>Ao longo da hist\u00f3ria, os inovadores nos permitiram ressurgir das cinzas de nossas horas mais sombrias com inova\u00e7\u00f5es profundamente transformadoras, feitas por indiv\u00edduos e na\u00e7\u00f5es com coragem e sabedoria para olhar al\u00e9m das fronteiras geogr\u00e1ficas e reconhecer que as ideias s\u00e3o mais fortes quando combinadas.<\/li>\n<li>Para superar os desafios urgentes de hoje e os problemas que nosso planeta enfrentar\u00e1 amanh\u00e3, trabalharemos para garantir que a humanidade atinja e supere as incr\u00edveis realiza\u00e7\u00f5es dos inovadores do passado.<\/li>\n<li>A ci\u00eancia e a tecnologia podem unir todos os povos e podem, sem conflitos ou divis\u00f5es, ser usadas por todas as na\u00e7\u00f5es em um esp\u00edrito de inova\u00e7\u00e3o e coopera\u00e7\u00e3o para combater nossos inimigos comuns de pobreza, escassez de alimentos, doen\u00e7as, desigualdades sociais e econ\u00f4micas, ignor\u00e2ncia e at\u00e9 mesmo a guerra.<\/li>\n<li>Agora, mais do que nunca, \u00e9 essencial promover a oportunidade para que todos os jovens dominem as leis universais da ci\u00eancia, tecnologia, engenharia e matem\u00e1tica, de modo que, como cidad\u00e3os globais hoje e l\u00edderes mundiais amanh\u00e3, eles trabalhem coletivamente para garantir um padr\u00e3o melhor de bem-estar em um mundo mais sustent\u00e1vel e pac\u00edfico.<\/li>\n<\/ul>\n<\/li>\n<\/ul>\n<p>&nbsp;<\/p>\n<p>Portanto, proclamamos esta Declara\u00e7\u00e3o de Interdepend\u00eancia e, com o entendimento e a aprecia\u00e7\u00e3o comuns da necessidade urgente de uns aos outros na busca de melhorar a condi\u00e7\u00e3o humana hoje e no futuro, reconhecemos formalmente nossa depend\u00eancia uns dos outros - e convidamos outros a se juntarem a n\u00f3s.<\/p>\n\n\t\t<\/div>\n\t<\/div><\/div><\/div><\/div><\/div><\/div><div class=\"vc_empty_space\"  style=\"height: 30px\" >\n\t<span class=\"vc_empty_space_inner\">\n\t\t<span class=\"empty_space_image\"  ><\/span>\n\t<\/span>\n<\/div><\/div><\/div><\/div><\/div><\/div><\/div><div      class=\"vc_row wpb_row section vc_row-fluid  grid_section\" style=' text-align:left;'><div class=\"section_inner clearfix\"><div class='section_inner_margin clearfix'><div class=\"wpb_column vc_column_container vc_col-sm-12\"><div class=\"vc_column-inner\"><div class=\"wpb_wrapper\">\n\t<div class=\"wpb_text_column wpb_content_element\">\n\t\t<div class=\"wpb_wrapper\">\n\t\t\t<h2>LISTA DE RESPONSABILIDADES<\/h2>\n\n\t\t<\/div>\n\t<\/div><div class=\"separator  transparent\" style=\"height: 10px;\"><\/div><div      class=\"vc_row wpb_row section vc_row-fluid vc_inner  vc_custom_1732052234990\" style=' text-align:left;'><div class=\"full_section_inner clearfix\"><div class=\"wpb_column vc_column_container vc_col-sm-12\"><div class=\"vc_column-inner\"><div class=\"wpb_wrapper\"><h2 style=\"font-size: 50px;text-align: center;font-family:Alex Brush;font-weight:400;font-style:normal\" class=\"vc_custom_heading vc_do_custom_heading\" >Lista de responsabilidades<\/h2><div class=\"separator  transparent\" style=\"margin-top: 10px;\"><\/div>\n\t<div class=\"wpb_text_column wpb_content_element\">\n\t\t<div class=\"wpb_wrapper\">\n\t\t\t<p>Em prol e em apoio \u00e0 Declara\u00e7\u00e3o de Interdepend\u00eancia adotada pelo povo de <em>FIRST<\/em> Globalmente - e apelando para nossa melhor natureza e nossos maiores sonhos - anunciamos com entusiasmo e confian\u00e7a que com grande poder vem grande responsabilidade. Todos n\u00f3s temos responsabilidades: com n\u00f3s mesmos, uns com os outros e com as gera\u00e7\u00f5es futuras. Dessa forma, n\u00f3s nos comprometemos mutuamente com nossa inspira\u00e7\u00e3o, nossa empatia e nossa compreens\u00e3o das responsabilidades estabelecidas abaixo.<\/p>\n<p>&nbsp;<\/p>\n<ol>\n<li style=\"list-style-type: none;\">\n<ol>\n<li>Promovemos a paz trabalhando juntos em projetos de ci\u00eancia e tecnologia. Esses empreendimentos estimulam o entendimento e as experi\u00eancias comuns.<\/li>\n<li>Tratamos todos com gentileza e respeito irrestritos. Empatia e trabalho \u00e1rduo s\u00e3o a espinha dorsal do progresso.<\/li>\n<li>Reconhecemos as contribui\u00e7\u00f5es dos outros. Aprendemos mais uns com os outros do que sozinhos.<\/li>\n<li>Acreditamos que o mundo n\u00e3o precisa de perdedores para ter vencedores. O sucesso de uma pessoa n\u00e3o leva inevitavelmente \u00e0 perda de outra; em vez disso, as inova\u00e7\u00f5es compartilhadas podem trazer recompensas para os inovadores e uma melhor qualidade de vida para todos.<\/li>\n<li>Promovemos o aprendizado e a criatividade em nossas comunidades, em nossas na\u00e7\u00f5es e em nosso mundo. A imagina\u00e7\u00e3o e a tecnologia s\u00e3o ferramentas essenciais para construir um futuro melhor.<\/li>\n<li>Trabalhamos para garantir que nosso pr\u00f3prio progresso n\u00e3o iniba os outros. Nenhum de n\u00f3s pode ter sucesso \u00e0s custas de nossos concidad\u00e3os.<\/li>\n<li>N\u00f3s amamos o que fazemos. Compartilhamos isso com outras pessoas e, ao faz\u00ea-lo, n\u00e3o apenas impulsionamos nossa inova\u00e7\u00e3o, mas tamb\u00e9m trazemos paz por meio da colabora\u00e7\u00e3o.<\/li>\n<\/ol>\n<\/li>\n<\/ol>\n\n\t\t<\/div>\n\t<\/div><\/div><\/div><\/div><\/div><\/div><div class=\"vc_empty_space\"  style=\"height: 30px\" >\n\t<span class=\"vc_empty_space_inner\">\n\t\t<span class=\"empty_space_image\"  ><\/span>\n\t<\/span>\n<\/div><\/div><\/div><\/div><\/div><\/div><\/div>\n<\/div>","protected":false},"excerpt":{"rendered":"DECLARA\u00c7\u00c3O DE INTERDEPEND\u00caNCIA E DECLARA\u00c7\u00c3O DE RESPONSABILIDADES ESTAMOS COMPROMETIDOS COM UM PROP\u00d3SITO MAIOR. O FIRST Global \u00e9 a resposta do mundo aos desafios urgentes que exigem uma solu\u00e7\u00e3o global. Os desafios atuais n\u00e3o param em uma comunidade, uma prov\u00edncia ou um pa\u00eds. Os problemas globais exigem...","protected":false},"author":1,"featured_media":0,"parent":0,"menu_order":0,"comment_status":"closed","ping_status":"closed","template":"full_width.php","meta":{"give_campaign_id":0,"_crdt_document":"","footnotes":""},"class_list":["post-32408","page","type-page","status-publish","hentry"],"yoast_head":"<!-- This site is optimized with the Yoast SEO plugin v27.4 - https:\/\/yoast.com\/product\/yoast-seo-wordpress\/ -->\n<title>FIRST Global Declaration of Interdependence and Bill of Responsibilities - FIRST Global<\/title>\n<meta name=\"robots\" content=\"index, follow, max-snippet:-1, max-image-preview:large, max-video-preview:-1\" \/>\n<link rel=\"canonical\" href=\"https:\/\/first.global\/pt\/documents\/\" \/>\n<meta property=\"og:locale\" content=\"pt_BR\" \/>\n<meta property=\"og:type\" content=\"article\" \/>\n<meta property=\"og:title\" content=\"FIRST Global Declaration of Interdependence and Bill of Responsibilities - FIRST Global\" \/>\n<meta property=\"og:url\" content=\"https:\/\/first.global\/pt\/documents\/\" \/>\n<meta property=\"og:site_name\" content=\"FIRST Global\" \/>\n<meta property=\"article:publisher\" content=\"http:\/\/facebook.com\/F1RSTglobal\" \/>\n<meta property=\"article:modified_time\" content=\"2024-11-19T21:40:23+00:00\" \/>\n<meta property=\"og:image\" content=\"https:\/\/i0.wp.com\/first.global\/wp-content\/uploads\/2024\/11\/FirstGlobal_SingaporeD2_jm-11.jpg?fit=1200%2C800&ssl=1\" \/>\n\t<meta property=\"og:image:width\" content=\"1200\" \/>\n\t<meta property=\"og:image:height\" content=\"800\" \/>\n\t<meta property=\"og:image:type\" content=\"image\/jpeg\" \/>\n<meta name=\"twitter:card\" content=\"summary_large_image\" \/>\n<meta name=\"twitter:site\" content=\"@F1RSTglobal\" \/>\n<meta name=\"twitter:label1\" content=\"Est. tempo de leitura\" \/>\n\t<meta name=\"twitter:data1\" content=\"5 minutos\" \/>\n<script type=\"application\/ld+json\" class=\"yoast-schema-graph\">{\"@context\":\"https:\\\/\\\/schema.org\",\"@graph\":[{\"@type\":\"WebPage\",\"@id\":\"https:\\\/\\\/first.global\\\/documents\\\/\",\"url\":\"https:\\\/\\\/first.global\\\/documents\\\/\",\"name\":\"FIRST Global Declaration of Interdependence and Bill of Responsibilities - FIRST Global\",\"isPartOf\":{\"@id\":\"https:\\\/\\\/first.global\\\/#website\"},\"datePublished\":\"2024-11-19T21:40:07+00:00\",\"dateModified\":\"2024-11-19T21:40:23+00:00\",\"breadcrumb\":{\"@id\":\"https:\\\/\\\/first.global\\\/documents\\\/#breadcrumb\"},\"inLanguage\":\"pt-BR\",\"potentialAction\":[{\"@type\":\"ReadAction\",\"target\":[\"https:\\\/\\\/first.global\\\/documents\\\/\"]}]},{\"@type\":\"BreadcrumbList\",\"@id\":\"https:\\\/\\\/first.global\\\/documents\\\/#breadcrumb\",\"itemListElement\":[{\"@type\":\"ListItem\",\"position\":1,\"name\":\"Home\",\"item\":\"https:\\\/\\\/first.global\\\/\"},{\"@type\":\"ListItem\",\"position\":2,\"name\":\"FIRST Global Declaration of Interdependence and Bill of Responsibilities\"}]},{\"@type\":\"WebSite\",\"@id\":\"https:\\\/\\\/first.global\\\/#website\",\"url\":\"https:\\\/\\\/first.global\\\/\",\"name\":\"FIRST Global\",\"description\":\"\",\"publisher\":{\"@id\":\"https:\\\/\\\/first.global\\\/#organization\"},\"potentialAction\":[{\"@type\":\"SearchAction\",\"target\":{\"@type\":\"EntryPoint\",\"urlTemplate\":\"https:\\\/\\\/first.global\\\/?s={search_term_string}\"},\"query-input\":{\"@type\":\"PropertyValueSpecification\",\"valueRequired\":true,\"valueName\":\"search_term_string\"}}],\"inLanguage\":\"pt-BR\"},{\"@type\":\"Organization\",\"@id\":\"https:\\\/\\\/first.global\\\/#organization\",\"name\":\"FIRST Global\",\"url\":\"https:\\\/\\\/first.global\\\/\",\"logo\":{\"@type\":\"ImageObject\",\"inLanguage\":\"pt-BR\",\"@id\":\"https:\\\/\\\/first.global\\\/#\\\/schema\\\/logo\\\/image\\\/\",\"url\":\"https:\\\/\\\/i0.wp.com\\\/first.global\\\/wp-content\\\/uploads\\\/2017\\\/10\\\/FG_Logo-black.png?fit=4656%2C1267&ssl=1\",\"contentUrl\":\"https:\\\/\\\/i0.wp.com\\\/first.global\\\/wp-content\\\/uploads\\\/2017\\\/10\\\/FG_Logo-black.png?fit=4656%2C1267&ssl=1\",\"width\":4656,\"height\":1267,\"caption\":\"FIRST Global\"},\"image\":{\"@id\":\"https:\\\/\\\/first.global\\\/#\\\/schema\\\/logo\\\/image\\\/\"},\"sameAs\":[\"http:\\\/\\\/facebook.com\\\/F1RSTglobal\",\"https:\\\/\\\/x.com\\\/F1RSTglobal\",\"http:\\\/\\\/instagram.com\\\/f1rstglobal\",\"https:\\\/\\\/www.linkedin.com\\\/company\\\/f1rst-global\",\"http:\\\/\\\/youtube.com\\\/@f1rstglobal\"]}]}<\/script>\n<!-- \/ Yoast SEO plugin. -->","yoast_head_json":{"title":"Declara\u00e7\u00e3o Global de Interdepend\u00eancia e Carta de Responsabilidades do FIRST - FIRST Global","robots":{"index":"index","follow":"follow","max-snippet":"max-snippet:-1","max-image-preview":"max-image-preview:large","max-video-preview":"max-video-preview:-1"},"canonical":"https:\/\/first.global\/pt\/documents\/","og_locale":"pt_BR","og_type":"article","og_title":"FIRST Global Declaration of Interdependence and Bill of Responsibilities - FIRST Global","og_url":"https:\/\/first.global\/pt\/documents\/","og_site_name":"FIRST Global","article_publisher":"http:\/\/facebook.com\/F1RSTglobal","article_modified_time":"2024-11-19T21:40:23+00:00","og_image":[{"width":1200,"height":800,"url":"https:\/\/i0.wp.com\/first.global\/wp-content\/uploads\/2024\/11\/FirstGlobal_SingaporeD2_jm-11.jpg?fit=1200%2C800&ssl=1","type":"image\/jpeg"}],"twitter_card":"summary_large_image","twitter_site":"@F1RSTglobal","twitter_misc":{"Est. tempo de leitura":"5 minutos"},"schema":{"@context":"https:\/\/schema.org","@graph":[{"@type":"WebPage","@id":"https:\/\/first.global\/documents\/","url":"https:\/\/first.global\/documents\/","name":"Declara\u00e7\u00e3o Global de Interdepend\u00eancia e Carta de Responsabilidades do FIRST - FIRST Global","isPartOf":{"@id":"https:\/\/first.global\/#website"},"datePublished":"2024-11-19T21:40:07+00:00","dateModified":"2024-11-19T21:40:23+00:00","breadcrumb":{"@id":"https:\/\/first.global\/documents\/#breadcrumb"},"inLanguage":"pt-BR","potentialAction":[{"@type":"ReadAction","target":["https:\/\/first.global\/documents\/"]}]},{"@type":"BreadcrumbList","@id":"https:\/\/first.global\/documents\/#breadcrumb","itemListElement":[{"@type":"ListItem","position":1,"name":"Home","item":"https:\/\/first.global\/"},{"@type":"ListItem","position":2,"name":"FIRST Global Declaration of Interdependence and Bill of Responsibilities"}]},{"@type":"WebSite","@id":"https:\/\/first.global\/#website","url":"https:\/\/first.global\/","name":"FIRST Global","description":"","publisher":{"@id":"https:\/\/first.global\/#organization"},"potentialAction":[{"@type":"SearchAction","target":{"@type":"EntryPoint","urlTemplate":"https:\/\/first.global\/?s={search_term_string}"},"query-input":{"@type":"PropertyValueSpecification","valueRequired":true,"valueName":"search_term_string"}}],"inLanguage":"pt-BR"},{"@type":"Organization","@id":"https:\/\/first.global\/#organization","name":"FIRST Global","url":"https:\/\/first.global\/","logo":{"@type":"ImageObject","inLanguage":"pt-BR","@id":"https:\/\/first.global\/#\/schema\/logo\/image\/","url":"https:\/\/i0.wp.com\/first.global\/wp-content\/uploads\/2017\/10\/FG_Logo-black.png?fit=4656%2C1267&ssl=1","contentUrl":"https:\/\/i0.wp.com\/first.global\/wp-content\/uploads\/2017\/10\/FG_Logo-black.png?fit=4656%2C1267&ssl=1","width":4656,"height":1267,"caption":"FIRST Global"},"image":{"@id":"https:\/\/first.global\/#\/schema\/logo\/image\/"},"sameAs":["http:\/\/facebook.com\/F1RSTglobal","https:\/\/x.com\/F1RSTglobal","http:\/\/instagram.com\/f1rstglobal","https:\/\/www.linkedin.com\/company\/f1rst-global","http:\/\/youtube.com\/@f1rstglobal"]}]}},"campaignId":"","jetpack_sharing_enabled":true,"jetpack_shortlink":"https:\/\/wp.me\/P9kXwL-8qI","jetpack-related-posts":[{"id":31734,"url":"https:\/\/first.global\/pt\/archive\/fgc-2024\/","url_meta":{"origin":32408,"position":0},"title":"Desafio Global FIRST 2024","author":"FIRST Global","date":"novembro 6, 2024","format":false,"excerpt":"","rel":"","context":"Post similar","block_context":{"text":"Post similar","link":""},"img":{"alt_text":"Drone shot of the 2024 FIRST Global Challenge Opening Ceremony at the Panathenaic Olympic stadium in Athens, Greece.","src":"https:\/\/i0.wp.com\/first.global\/wp-content\/uploads\/2024\/11\/FGC2024-OC-drone-shot-color-wide.jpg?fit=1200%2C675&ssl=1&resize=350%2C200","width":350,"height":200,"srcset":"https:\/\/i0.wp.com\/first.global\/wp-content\/uploads\/2024\/11\/FGC2024-OC-drone-shot-color-wide.jpg?fit=1200%2C675&ssl=1&resize=350%2C200 1x, https:\/\/i0.wp.com\/first.global\/wp-content\/uploads\/2024\/11\/FGC2024-OC-drone-shot-color-wide.jpg?fit=1200%2C675&ssl=1&resize=525%2C300 1.5x, https:\/\/i0.wp.com\/first.global\/wp-content\/uploads\/2024\/11\/FGC2024-OC-drone-shot-color-wide.jpg?fit=1200%2C675&ssl=1&resize=700%2C400 2x, https:\/\/i0.wp.com\/first.global\/wp-content\/uploads\/2024\/11\/FGC2024-OC-drone-shot-color-wide.jpg?fit=1200%2C675&ssl=1&resize=1050%2C600 3x"},"classes":[]},{"id":33586,"url":"https:\/\/first.global\/pt\/archive\/fgc-2023\/","url_meta":{"origin":32408,"position":1},"title":"Desafio Global FIRST 2023","author":"FIRST Global","date":"dezembro 20, 2024","format":false,"excerpt":"","rel":"","context":"Post similar","block_context":{"text":"Post similar","link":""},"img":{"alt_text":"Drone shot of the 2024 FIRST Global Challenge Opening Ceremony at the Panathenaic Olympic stadium in Athens, Greece.","src":"https:\/\/i0.wp.com\/first.global\/wp-content\/uploads\/2024\/11\/FGC2024-OC-drone-shot-color-wide.jpg?fit=1200%2C675&ssl=1&resize=350%2C200","width":350,"height":200,"srcset":"https:\/\/i0.wp.com\/first.global\/wp-content\/uploads\/2024\/11\/FGC2024-OC-drone-shot-color-wide.jpg?fit=1200%2C675&ssl=1&resize=350%2C200 1x, https:\/\/i0.wp.com\/first.global\/wp-content\/uploads\/2024\/11\/FGC2024-OC-drone-shot-color-wide.jpg?fit=1200%2C675&ssl=1&resize=525%2C300 1.5x, https:\/\/i0.wp.com\/first.global\/wp-content\/uploads\/2024\/11\/FGC2024-OC-drone-shot-color-wide.jpg?fit=1200%2C675&ssl=1&resize=700%2C400 2x, https:\/\/i0.wp.com\/first.global\/wp-content\/uploads\/2024\/11\/FGC2024-OC-drone-shot-color-wide.jpg?fit=1200%2C675&ssl=1&resize=1050%2C600 3x"},"classes":[]},{"id":34335,"url":"https:\/\/first.global\/pt\/sport\/","url_meta":{"origin":32408,"position":2},"title":"Rob\u00f3tica \u00e9 um esporte","author":"FIRST Global","date":"dezembro 19, 2024","format":false,"excerpt":"","rel":"","context":"Post similar","block_context":{"text":"Post similar","link":""},"img":{"alt_text":"","src":"https:\/\/i0.wp.com\/first.global\/wp-content\/uploads\/2025\/07\/RiaS-thumbnail.jpg?fit=1080%2C1080&ssl=1&resize=350%2C200","width":350,"height":200,"srcset":"https:\/\/i0.wp.com\/first.global\/wp-content\/uploads\/2025\/07\/RiaS-thumbnail.jpg?fit=1080%2C1080&ssl=1&resize=350%2C200 1x, https:\/\/i0.wp.com\/first.global\/wp-content\/uploads\/2025\/07\/RiaS-thumbnail.jpg?fit=1080%2C1080&ssl=1&resize=525%2C300 1.5x, https:\/\/i0.wp.com\/first.global\/wp-content\/uploads\/2025\/07\/RiaS-thumbnail.jpg?fit=1080%2C1080&ssl=1&resize=700%2C400 2x, https:\/\/i0.wp.com\/first.global\/wp-content\/uploads\/2025\/07\/RiaS-thumbnail.jpg?fit=1080%2C1080&ssl=1&resize=1050%2C600 3x"},"classes":[]},{"id":16344,"url":"https:\/\/first.global\/pt\/support\/","url_meta":{"origin":32408,"position":3},"title":"Apoiadores","author":"FIRST Global","date":"novembro 2, 2017","format":false,"excerpt":"","rel":"","context":"Post similar","block_context":{"text":"Post similar","link":""},"img":{"alt_text":"","src":"","width":0,"height":0},"classes":[]},{"id":62325,"url":"https:\/\/first.global\/pt\/archive\/fgc-2025\/","url_meta":{"origin":32408,"position":4},"title":"Desafio Global FIRST 2025","author":"FIRST Global","date":"janeiro 28, 2026","format":false,"excerpt":"","rel":"","context":"Post similar","block_context":{"text":"Post similar","link":""},"img":{"alt_text":"","src":"https:\/\/i0.wp.com\/first.global\/wp-content\/uploads\/2026\/01\/DSC01388.jpg?fit=1200%2C800&ssl=1&resize=350%2C200","width":350,"height":200,"srcset":"https:\/\/i0.wp.com\/first.global\/wp-content\/uploads\/2026\/01\/DSC01388.jpg?fit=1200%2C800&ssl=1&resize=350%2C200 1x, https:\/\/i0.wp.com\/first.global\/wp-content\/uploads\/2026\/01\/DSC01388.jpg?fit=1200%2C800&ssl=1&resize=525%2C300 1.5x, https:\/\/i0.wp.com\/first.global\/wp-content\/uploads\/2026\/01\/DSC01388.jpg?fit=1200%2C800&ssl=1&resize=700%2C400 2x, https:\/\/i0.wp.com\/first.global\/wp-content\/uploads\/2026\/01\/DSC01388.jpg?fit=1200%2C800&ssl=1&resize=1050%2C600 3x"},"classes":[]},{"id":24452,"url":"https:\/\/first.global\/pt\/resources\/","url_meta":{"origin":32408,"position":5},"title":"Recursos","author":"FIRST Global","date":"junho 22, 2020","format":false,"excerpt":"","rel":"","context":"Post similar","block_context":{"text":"Post similar","link":""},"img":{"alt_text":"","src":"","width":0,"height":0},"classes":[]}],"_links":{"self":[{"href":"https:\/\/first.global\/pt\/wp-json\/wp\/v2\/pages\/32408","targetHints":{"allow":["GET"]}}],"collection":[{"href":"https:\/\/first.global\/pt\/wp-json\/wp\/v2\/pages"}],"about":[{"href":"https:\/\/first.global\/pt\/wp-json\/wp\/v2\/types\/page"}],"author":[{"embeddable":true,"href":"https:\/\/first.global\/pt\/wp-json\/wp\/v2\/users\/1"}],"replies":[{"embeddable":true,"href":"https:\/\/first.global\/pt\/wp-json\/wp\/v2\/comments?post=32408"}],"version-history":[{"count":14,"href":"https:\/\/first.global\/pt\/wp-json\/wp\/v2\/pages\/32408\/revisions"}],"predecessor-version":[{"id":32424,"href":"https:\/\/first.global\/pt\/wp-json\/wp\/v2\/pages\/32408\/revisions\/32424"}],"wp:attachment":[{"href":"https:\/\/first.global\/pt\/wp-json\/wp\/v2\/media?parent=32408"}],"curies":[{"name":"wp","href":"https:\/\/api.w.org\/{rel}","templated":true}]}}